{"id":2750,"date":"2022-03-21T13:50:06","date_gmt":"2022-03-21T11:50:06","guid":{"rendered":"http:\/\/memoriademocratica.beniganim.org\/la-rereguarda-valenciana\/"},"modified":"2022-06-08T09:57:16","modified_gmt":"2022-06-08T07:57:16","slug":"la-rereguarda-valenciana","status":"publish","type":"page","link":"https:\/\/memoriademocratica.beniganim.org\/es\/la-rereguarda-valenciana\/","title":{"rendered":"La retaguardia valenciana"},"content":{"rendered":"<div class=\"wpb-content-wrapper\"><p>[vc_row css_animation=\u00bb\u00bb row_type=\u00bbrow\u00bb use_row_as_full_screen_section=\u00bbno\u00bb type=\u00bbfull_width\u00bb angled_section=\u00bbno\u00bb text_align=\u00bbleft\u00bb background_image_as_pattern=\u00bbwithout_pattern\u00bb z_index=\u00bb\u00bb css=\u00bb.vc_custom_1654511641316{margin-bottom: 0px !important;padding-bottom: 50px !important;background-image: url(http:\/\/memoriademocratica.beniganim.org\/wp-content\/uploads\/2022\/06\/fons02_gc.png?id=2589) !important;background-position: center !important;background-repeat: no-repeat !important;background-size: contain !important;}\u00bb el_class=\u00bb.imatge_fons\u00bb][vc_column][vc_row_inner row_type=\u00bbrow\u00bb type=\u00bbgrid\u00bb text_align=\u00bbleft\u00bb css_animation=\u00bb\u00bb padding_top=\u00bb50%\u00bb][vc_column_inner width=\u00bb1\/6&#8243; css=\u00bb.vc_custom_1647631464667{margin-right: 0px !important;margin-left: -100px !important;padding-right: 0px !important;}\u00bb offset=\u00bbvc_hidden-sm vc_hidden-xs\u00bb][vc_column_text el_class=\u00bb.num_capitol\u00bb]02[\/vc_column_text][\/vc_column_inner][vc_column_inner width=\u00bb7\/12&#8243; css=\u00bb.vc_custom_1647631470542{margin-left: -100px !important;padding-left: 0px !important;}\u00bb offset=\u00bbvc_hidden-sm vc_hidden-xs\u00bb][vc_column_text el_class=\u00bb.titol_capitol\u00bb]<\/p>\n<h1>La retaguardia<br \/>\n<span class=\"subtitol\">valenciana<\/span><\/h1>\n<p>[\/vc_column_text][\/vc_column_inner][vc_column_inner width=\u00bb1\/4&#8243; offset=\u00bbvc_hidden-sm vc_hidden-xs\u00bb][vc_column_text el_class=\u00bb.etiqueta_mare\u00bb]<\/p>\n<h3><\/h3>\n<h3 style=\"text-align: right;\"><span class=\"roig\">GUERRA<\/span>CIVIL<\/h3>\n<p>[\/vc_column_text][\/vc_column_inner][\/vc_row_inner][vc_row_inner row_type=\u00bbrow\u00bb type=\u00bbfull_width\u00bb text_align=\u00bbleft\u00bb css_animation=\u00bb\u00bb css=\u00bb.vc_custom_1647632187031{margin-left: 2% !important;}\u00bb][vc_column_inner offset=\u00bbvc_hidden-lg vc_hidden-md\u00bb css=\u00bb.vc_custom_1647632140819{margin-top: 50px !important;}\u00bb][vc_column_text el_class=\u00bb.num_capitol_mobile\u00bb css=\u00bb.vc_custom_1647863469058{margin-bottom: 50px !important;}\u00bb]02[\/vc_column_text][vc_column_text el_class=\u00bb.titol_capitol_mobile\u00bb]<\/p>\n<h1>La retaguardia<br \/>\n<span class=\"subtitol\">valenciana<\/span><\/h1>\n<p>[\/vc_column_text][vc_column_text el_class=\u00bb.etiqueta_mare\u00bb]<\/p>\n<h3 style=\"text-align: left;\"><span class=\"roig\">GUERRA<\/span>CIVIL<\/h3>\n<p>[\/vc_column_text][\/vc_column_inner][\/vc_row_inner][vc_row_inner row_type=\u00bbrow\u00bb type=\u00bbfull_width\u00bb text_align=\u00bbleft\u00bb css_animation=\u00bb\u00bb][vc_column_inner][vc_single_image image=\u00bb54&#8243; img_size=\u00bbfull\u00bb alignment=\u00bbcenter\u00bb qode_css_animation=\u00bb\u00bb][\/vc_column_inner][\/vc_row_inner][vc_row_inner row_type=\u00bbrow\u00bb type=\u00bbgrid\u00bb text_align=\u00bbleft\u00bb css_animation=\u00bb\u00bb css=\u00bb.vc_custom_1647628966339{margin-top: 30px !important;margin-right: 2% !important;margin-left: 2% !important;}\u00bb][vc_column_inner][vc_column_text]Valencia era la capital de la 3\u00aa Divisi\u00f3n Militar, que englobaba las guarniciones valencianas y las de Murcia y Albacete. Su sublevaci\u00f3n era clave, ya que las tropas deb\u00edan desplazarse a Madrid para apoyar la insurrecci\u00f3n. Sin embargo, no triunf\u00f3 por una serie de factores: la deficiente planificaci\u00f3n del golpe de estado; la indecisi\u00f3n de su capit\u00e1n general Mart\u00ednez Monje, de una parte de la oficialidad y de las fuerzas de seguridad, y la creaci\u00f3n del Comit\u00e9 Ejecutivo Popular por todas las fuerzas del Frente Popular, desde donde se dirigi\u00f3 la ocupaci\u00f3n de las calles del Pa\u00eds Valenciano. El asalto a los cuarteles de la Alameda (1-2 de agosto) termin\u00f3 por hacer fracasar la intentona golpista.<\/p>\n<p>El poder ejecutivo se disgreg\u00f3 en comit\u00e9s locales y se inici\u00f3 la revoluci\u00f3n obrera, dirigida por la UGT y la CNT, con colectivizaciones y controles obreros sobre los sectores econ\u00f3micos: agr\u00edcolas, fabriles y de servicios. Se crearon milicias para combatir principalmente en el frente de Teruel. El gobierno republicano se traslad\u00f3 a Valencia el 6 de noviembre de 1936. Hasta el 31 de octubre de 1937 Valencia fue capital de la Rep\u00fablica, del movimiento antifascista mundial y de la cultura: II Congreso de Escritores para la Defensa de la Cultura. En estos meses, de atomizaci\u00f3n del poder, se produjeron la mayor\u00eda de los asesinatos: entre 4.715 y 4.880 v\u00edctimas mortales.<\/p>\n<p>Desde 1937 el Pa\u00eds Valenciano era una zona de retaguardia vital para la Rep\u00fablica, gracias al comercio de exportaci\u00f3n, a su industria de guerra, a sus puertos y al acogimiento de refugiados. Ello explica que sufriera particularmente el azote de los bombardeos, en especial durante 1938, a\u00f1o en el que la guerra llegar\u00eda de pleno, con la batalla de Valencia (marzo-julio) y la ofensiva franquista para conquistar la gran ciudad. El ataque se detuvo en las fortificaciones de la L\u00ednea XYZ, aunque la Rep\u00fablica perdi\u00f3 gran parte de la provincia de Castell\u00f3n. Al final de la guerra, recobr\u00f3 el protagonismo el solar valenciano, ya que los puertos de Alicante y Gand\u00eda ser\u00edan los \u00faltimos reductos de la Rep\u00fablica, a finales del mes de marzo de 1939.[\/vc_column_text][\/vc_column_inner][\/vc_row_inner][\/vc_column][\/vc_row][vc_row css_animation=\u00bb\u00bb row_type=\u00bbrow\u00bb use_row_as_full_screen_section=\u00bbno\u00bb type=\u00bbfull_width\u00bb angled_section=\u00bbno\u00bb text_align=\u00bbleft\u00bb background_image_as_pattern=\u00bbwithout_pattern\u00bb][vc_column][vc_masonry_media_grid element_width=\u00bb3&#8243; gap=\u00bb10&#8243; item=\u00bb263&#8243; grid_id=\u00bbvc_gid:1654674985125-dcbd269f-a8b3-3&#8243; include=\u00bb496,498,500,502,504,506,508,510,512,514,516,518,520,522,524,526,528,530,532,534,536,538,540,542,544,546,548,550,552,554,556,558,560,562&#8243;][\/vc_column][\/vc_row]<\/p>\n<\/div>","protected":false},"excerpt":{"rendered":"<p>[vc_row css_animation=\u00bb\u00bb row_type=\u00bbrow\u00bb use_row_as_full_screen_section=\u00bbno\u00bb type=\u00bbfull_width\u00bb angled_section=\u00bbno\u00bb text_align=\u00bbleft\u00bb background_image_as_pattern=\u00bbwithout_pattern\u00bb z_index=\u00bb\u00bb css=\u00bb.vc_custom_1654511641316{margin-bottom: 0px !important;padding-bottom: 50px !important;background-image: url(http:\/\/memoriademocratica.beniganim.org\/wp-content\/uploads\/2022\/06\/fons02_gc.png?id=2589) !important;background-position: center !important;background-repeat: no-repeat !important;background-size: contain !important;}\u00bb el_class=\u00bb.imatge_fons\u00bb][vc_column][vc_row_inner row_type=\u00bbrow\u00bb type=\u00bbgrid\u00bb text_align=\u00bbleft\u00bb css_animation=\u00bb\u00bb padding_top=\u00bb50%\u00bb][vc_column_inner width=\u00bb1\/6&#8243; css=\u00bb.vc_custom_1647631464667{margin-right: 0px !important;margin-left: -100px !important;padding-right: 0px !important;}\u00bb offset=\u00bbvc_hidden-sm vc_hidden-xs\u00bb][vc_column_text el_class=\u00bb.num_capitol\u00bb]02[\/vc_column_text][\/vc_column_inner][vc_column_inner width=\u00bb7\/12&#8243; css=\u00bb.vc_custom_1647631470542{margin-left: -100px !important;padding-left: 0px !important;}\u00bb&#8230;<\/p>\n","protected":false},"author":1,"featured_media":0,"parent":0,"menu_order":0,"comment_status":"closed","ping_status":"closed","template":"full_width.php","meta":{"_monsterinsights_skip_tracking":false,"_monsterinsights_sitenote_active":false,"_monsterinsights_sitenote_note":"","_monsterinsights_sitenote_category":0,"footnotes":""},"class_list":["post-2750","page","type-page","status-publish","hentry"],"yoast_head":"<!-- This site is optimized with the Yoast SEO plugin v20.2.1 - https:\/\/yoast.com\/wordpress\/plugins\/seo\/ -->\n<title>La retaguardia valenciana - Mem\u00f2ria Democr\u00e0tica de Benig\u00e0nim<\/title>\n<meta name=\"robots\" content=\"index, follow, max-snippet:-1, max-image-preview:large, max-video-preview:-1\" \/>\n<link rel=\"canonical\" href=\"https:\/\/memoriademocratica.beniganim.org\/es\/la-rereguarda-valenciana\/\" \/>\n<meta property=\"og:locale\" content=\"es_ES\" \/>\n<meta property=\"og:type\" content=\"article\" \/>\n<meta property=\"og:title\" content=\"La retaguardia valenciana - Mem\u00f2ria Democr\u00e0tica de Benig\u00e0nim\" \/>\n<meta property=\"og:description\" content=\"[vc_row css_animation=\u00bb\u00bb row_type=\u00bbrow\u00bb use_row_as_full_screen_section=\u00bbno\u00bb type=\u00bbfull_width\u00bb angled_section=\u00bbno\u00bb text_align=\u00bbleft\u00bb background_image_as_pattern=\u00bbwithout_pattern\u00bb z_index=\u00bb\u00bb css=\u00bb.vc_custom_1654511641316{margin-bottom: 0px !important;padding-bottom: 50px !important;background-image: url(http:\/\/memoriademocratica.beniganim.org\/wp-content\/uploads\/2022\/06\/fons02_gc.png?id=2589) !important;background-position: center !important;background-repeat: no-repeat !important;background-size: contain !important;}\u00bb el_class=\u00bb.imatge_fons\u00bb][vc_column][vc_row_inner row_type=\u00bbrow\u00bb type=\u00bbgrid\u00bb text_align=\u00bbleft\u00bb css_animation=\u00bb\u00bb padding_top=\u00bb50%\u00bb][vc_column_inner width=\u00bb1\/6&#8243; css=\u00bb.vc_custom_1647631464667{margin-right: 0px !important;margin-left: -100px !important;padding-right: 0px !important;}\u00bb offset=\u00bbvc_hidden-sm vc_hidden-xs\u00bb][vc_column_text el_class=\u00bb.num_capitol\u00bb]02[\/vc_column_text][\/vc_column_inner][vc_column_inner width=\u00bb7\/12&#8243; css=\u00bb.vc_custom_1647631470542{margin-left: -100px !important;padding-left: 0px !important;}\u00bb...\" \/>\n<meta property=\"og:url\" content=\"https:\/\/memoriademocratica.beniganim.org\/es\/la-rereguarda-valenciana\/\" \/>\n<meta property=\"og:site_name\" content=\"Mem\u00f2ria Democr\u00e0tica de Benig\u00e0nim\" \/>\n<meta property=\"article:modified_time\" content=\"2022-06-08T07:57:16+00:00\" \/>\n<meta property=\"og:image\" content=\"https:\/\/memoriademocratica.beniganim.org\/wp-content\/uploads\/2023\/02\/logo_memoria_democratica_beniganim.png\" \/>\n\t<meta property=\"og:image:width\" content=\"700\" \/>\n\t<meta property=\"og:image:height\" content=\"120\" \/>\n\t<meta property=\"og:image:type\" content=\"image\/png\" \/>\n<meta name=\"twitter:card\" content=\"summary_large_image\" \/>\n<meta name=\"twitter:label1\" content=\"Tiempo de lectura\" \/>\n\t<meta name=\"twitter:data1\" content=\"4 minutos\" \/>\n<script type=\"application\/ld+json\" class=\"yoast-schema-graph\">{\"@context\":\"https:\/\/schema.org\",\"@graph\":[{\"@type\":\"WebPage\",\"@id\":\"https:\/\/memoriademocratica.beniganim.org\/es\/la-rereguarda-valenciana\/\",\"url\":\"https:\/\/memoriademocratica.beniganim.org\/es\/la-rereguarda-valenciana\/\",\"name\":\"La retaguardia valenciana - Mem\u00f2ria Democr\u00e0tica de Benig\u00e0nim\",\"isPartOf\":{\"@id\":\"https:\/\/memoriademocratica.beniganim.org\/es\/#website\"},\"datePublished\":\"2022-03-21T11:50:06+00:00\",\"dateModified\":\"2022-06-08T07:57:16+00:00\",\"breadcrumb\":{\"@id\":\"https:\/\/memoriademocratica.beniganim.org\/es\/la-rereguarda-valenciana\/#breadcrumb\"},\"inLanguage\":\"es\",\"potentialAction\":[{\"@type\":\"ReadAction\",\"target\":[\"https:\/\/memoriademocratica.beniganim.org\/es\/la-rereguarda-valenciana\/\"]}]},{\"@type\":\"BreadcrumbList\",\"@id\":\"https:\/\/memoriademocratica.beniganim.org\/es\/la-rereguarda-valenciana\/#breadcrumb\",\"itemListElement\":[{\"@type\":\"ListItem\",\"position\":1,\"name\":\"Inici\",\"item\":\"https:\/\/memoriademocratica.beniganim.org\/es\/\"},{\"@type\":\"ListItem\",\"position\":2,\"name\":\"La retaguardia valenciana\"}]},{\"@type\":\"WebSite\",\"@id\":\"https:\/\/memoriademocratica.beniganim.org\/es\/#website\",\"url\":\"https:\/\/memoriademocratica.beniganim.org\/es\/\",\"name\":\"Mem\u00f2ria Democr\u00e0tica de Benig\u00e0nim\",\"description\":\"Arxiu de la paraula i la imatge\",\"publisher\":{\"@id\":\"https:\/\/memoriademocratica.beniganim.org\/es\/#organization\"},\"potentialAction\":[{\"@type\":\"SearchAction\",\"target\":{\"@type\":\"EntryPoint\",\"urlTemplate\":\"https:\/\/memoriademocratica.beniganim.org\/es\/?s={search_term_string}\"},\"query-input\":\"required name=search_term_string\"}],\"inLanguage\":\"es\"},{\"@type\":\"Organization\",\"@id\":\"https:\/\/memoriademocratica.beniganim.org\/es\/#organization\",\"name\":\"Mem\u00f2ria democr\u00e0tica de Benig\u00e0nim\",\"url\":\"https:\/\/memoriademocratica.beniganim.org\/es\/\",\"logo\":{\"@type\":\"ImageObject\",\"inLanguage\":\"es\",\"@id\":\"https:\/\/memoriademocratica.beniganim.org\/es\/#\/schema\/logo\/image\/\",\"url\":\"https:\/\/memoriademocratica.beniganim.org\/wp-content\/uploads\/2023\/02\/logo_memoria_democratica_beniganim.png\",\"contentUrl\":\"https:\/\/memoriademocratica.beniganim.org\/wp-content\/uploads\/2023\/02\/logo_memoria_democratica_beniganim.png\",\"width\":700,\"height\":120,\"caption\":\"Mem\u00f2ria democr\u00e0tica de Benig\u00e0nim\"},\"image\":{\"@id\":\"https:\/\/memoriademocratica.beniganim.org\/es\/#\/schema\/logo\/image\/\"}}]}<\/script>\n<!-- \/ Yoast SEO plugin. -->","yoast_head_json":{"title":"La retaguardia valenciana - Mem\u00f2ria Democr\u00e0tica de Benig\u00e0nim","robots":{"index":"index","follow":"follow","max-snippet":"max-snippet:-1","max-image-preview":"max-image-preview:large","max-video-preview":"max-video-preview:-1"},"canonical":"https:\/\/memoriademocratica.beniganim.org\/es\/la-rereguarda-valenciana\/","og_locale":"es_ES","og_type":"article","og_title":"La retaguardia valenciana - Mem\u00f2ria Democr\u00e0tica de Benig\u00e0nim","og_description":"[vc_row css_animation=\u00bb\u00bb row_type=\u00bbrow\u00bb use_row_as_full_screen_section=\u00bbno\u00bb type=\u00bbfull_width\u00bb angled_section=\u00bbno\u00bb text_align=\u00bbleft\u00bb background_image_as_pattern=\u00bbwithout_pattern\u00bb z_index=\u00bb\u00bb css=\u00bb.vc_custom_1654511641316{margin-bottom: 0px !important;padding-bottom: 50px !important;background-image: url(http:\/\/memoriademocratica.beniganim.org\/wp-content\/uploads\/2022\/06\/fons02_gc.png?id=2589) !important;background-position: center !important;background-repeat: no-repeat !important;background-size: contain !important;}\u00bb el_class=\u00bb.imatge_fons\u00bb][vc_column][vc_row_inner row_type=\u00bbrow\u00bb type=\u00bbgrid\u00bb text_align=\u00bbleft\u00bb css_animation=\u00bb\u00bb padding_top=\u00bb50%\u00bb][vc_column_inner width=\u00bb1\/6&#8243; css=\u00bb.vc_custom_1647631464667{margin-right: 0px !important;margin-left: -100px !important;padding-right: 0px !important;}\u00bb offset=\u00bbvc_hidden-sm vc_hidden-xs\u00bb][vc_column_text el_class=\u00bb.num_capitol\u00bb]02[\/vc_column_text][\/vc_column_inner][vc_column_inner width=\u00bb7\/12&#8243; css=\u00bb.vc_custom_1647631470542{margin-left: -100px !important;padding-left: 0px !important;}\u00bb...","og_url":"https:\/\/memoriademocratica.beniganim.org\/es\/la-rereguarda-valenciana\/","og_site_name":"Mem\u00f2ria Democr\u00e0tica de Benig\u00e0nim","article_modified_time":"2022-06-08T07:57:16+00:00","og_image":[{"width":700,"height":120,"url":"https:\/\/memoriademocratica.beniganim.org\/wp-content\/uploads\/2023\/02\/logo_memoria_democratica_beniganim.png","type":"image\/png"}],"twitter_card":"summary_large_image","twitter_misc":{"Tiempo de lectura":"4 minutos"},"schema":{"@context":"https:\/\/schema.org","@graph":[{"@type":"WebPage","@id":"https:\/\/memoriademocratica.beniganim.org\/es\/la-rereguarda-valenciana\/","url":"https:\/\/memoriademocratica.beniganim.org\/es\/la-rereguarda-valenciana\/","name":"La retaguardia valenciana - Mem\u00f2ria Democr\u00e0tica de Benig\u00e0nim","isPartOf":{"@id":"https:\/\/memoriademocratica.beniganim.org\/es\/#website"},"datePublished":"2022-03-21T11:50:06+00:00","dateModified":"2022-06-08T07:57:16+00:00","breadcrumb":{"@id":"https:\/\/memoriademocratica.beniganim.org\/es\/la-rereguarda-valenciana\/#breadcrumb"},"inLanguage":"es","potentialAction":[{"@type":"ReadAction","target":["https:\/\/memoriademocratica.beniganim.org\/es\/la-rereguarda-valenciana\/"]}]},{"@type":"BreadcrumbList","@id":"https:\/\/memoriademocratica.beniganim.org\/es\/la-rereguarda-valenciana\/#breadcrumb","itemListElement":[{"@type":"ListItem","position":1,"name":"Inici","item":"https:\/\/memoriademocratica.beniganim.org\/es\/"},{"@type":"ListItem","position":2,"name":"La retaguardia valenciana"}]},{"@type":"WebSite","@id":"https:\/\/memoriademocratica.beniganim.org\/es\/#website","url":"https:\/\/memoriademocratica.beniganim.org\/es\/","name":"Mem\u00f2ria Democr\u00e0tica de Benig\u00e0nim","description":"Arxiu de la paraula i la imatge","publisher":{"@id":"https:\/\/memoriademocratica.beniganim.org\/es\/#organization"},"potentialAction":[{"@type":"SearchAction","target":{"@type":"EntryPoint","urlTemplate":"https:\/\/memoriademocratica.beniganim.org\/es\/?s={search_term_string}"},"query-input":"required name=search_term_string"}],"inLanguage":"es"},{"@type":"Organization","@id":"https:\/\/memoriademocratica.beniganim.org\/es\/#organization","name":"Mem\u00f2ria democr\u00e0tica de Benig\u00e0nim","url":"https:\/\/memoriademocratica.beniganim.org\/es\/","logo":{"@type":"ImageObject","inLanguage":"es","@id":"https:\/\/memoriademocratica.beniganim.org\/es\/#\/schema\/logo\/image\/","url":"https:\/\/memoriademocratica.beniganim.org\/wp-content\/uploads\/2023\/02\/logo_memoria_democratica_beniganim.png","contentUrl":"https:\/\/memoriademocratica.beniganim.org\/wp-content\/uploads\/2023\/02\/logo_memoria_democratica_beniganim.png","width":700,"height":120,"caption":"Mem\u00f2ria democr\u00e0tica de Benig\u00e0nim"},"image":{"@id":"https:\/\/memoriademocratica.beniganim.org\/es\/#\/schema\/logo\/image\/"}}]}},"_links":{"self":[{"href":"https:\/\/memoriademocratica.beniganim.org\/es\/wp-json\/wp\/v2\/pages\/2750","targetHints":{"allow":["GET"]}}],"collection":[{"href":"https:\/\/memoriademocratica.beniganim.org\/es\/wp-json\/wp\/v2\/pages"}],"about":[{"href":"https:\/\/memoriademocratica.beniganim.org\/es\/wp-json\/wp\/v2\/types\/page"}],"author":[{"embeddable":true,"href":"https:\/\/memoriademocratica.beniganim.org\/es\/wp-json\/wp\/v2\/users\/1"}],"replies":[{"embeddable":true,"href":"https:\/\/memoriademocratica.beniganim.org\/es\/wp-json\/wp\/v2\/comments?post=2750"}],"version-history":[{"count":4,"href":"https:\/\/memoriademocratica.beniganim.org\/es\/wp-json\/wp\/v2\/pages\/2750\/revisions"}],"predecessor-version":[{"id":2906,"href":"https:\/\/memoriademocratica.beniganim.org\/es\/wp-json\/wp\/v2\/pages\/2750\/revisions\/2906"}],"wp:attachment":[{"href":"https:\/\/memoriademocratica.beniganim.org\/es\/wp-json\/wp\/v2\/media?parent=2750"}],"curies":[{"name":"wp","href":"https:\/\/api.w.org\/{rel}","templated":true}]}}