{"id":2764,"date":"2022-03-21T18:13:57","date_gmt":"2022-03-21T16:13:57","guid":{"rendered":"http:\/\/memoriademocratica.beniganim.org\/beniganim-les-petjades-de-lanticlericalisme\/"},"modified":"2022-09-14T15:49:08","modified_gmt":"2022-09-14T13:49:08","slug":"beniganim-les-petjades-de-lanticlericalisme","status":"publish","type":"page","link":"https:\/\/memoriademocratica.beniganim.org\/es\/beniganim-les-petjades-de-lanticlericalisme\/","title":{"rendered":"Benig\u00e0nim. Las huellas del anticlericalismo"},"content":{"rendered":"<div class=\"wpb-content-wrapper\"><p>[vc_row css_animation=\u00bb\u00bb row_type=\u00bbrow\u00bb use_row_as_full_screen_section=\u00bbno\u00bb type=\u00bbfull_width\u00bb angled_section=\u00bbno\u00bb text_align=\u00bbleft\u00bb background_image_as_pattern=\u00bbwithout_pattern\u00bb z_index=\u00bb\u00bb css=\u00bb.vc_custom_1654513183628{margin-bottom: 0px !important;padding-bottom: 50px !important;background-image: url(http:\/\/memoriademocratica.beniganim.org\/wp-content\/uploads\/2022\/06\/fons06_gc.png?id=2604) !important;background-position: center !important;background-repeat: no-repeat !important;background-size: contain !important;}\u00bb el_class=\u00bb.imatge_fons\u00bb][vc_column][vc_row_inner row_type=\u00bbrow\u00bb type=\u00bbgrid\u00bb text_align=\u00bbleft\u00bb css_animation=\u00bb\u00bb padding_top=\u00bb50%\u00bb][vc_column_inner width=\u00bb1\/6&#8243; css=\u00bb.vc_custom_1647631464667{margin-right: 0px !important;margin-left: -100px !important;padding-right: 0px !important;}\u00bb offset=\u00bbvc_hidden-sm vc_hidden-xs\u00bb][vc_column_text el_class=\u00bb.num_capitol\u00bb]06[\/vc_column_text][\/vc_column_inner][vc_column_inner width=\u00bb7\/12&#8243; css=\u00bb.vc_custom_1647631470542{margin-left: -100px !important;padding-left: 0px !important;}\u00bb offset=\u00bbvc_hidden-sm vc_hidden-xs\u00bb][vc_column_text el_class=\u00bb.titol_capitol\u00bb]<\/p>\n<h1>Benig\u00e0nim<br \/>\n<span class=\"subtitol\">Las huellas del anticlericalismo<\/span><\/h1>\n<p>[\/vc_column_text][\/vc_column_inner][vc_column_inner width=\u00bb1\/4&#8243; offset=\u00bbvc_hidden-sm vc_hidden-xs\u00bb][vc_column_text el_class=\u00bb.etiqueta_mare\u00bb]<\/p>\n<h3><\/h3>\n<h3 style=\"text-align: right;\"><span class=\"roig\">GUERRA<\/span>CIVIL<\/h3>\n<p>[\/vc_column_text][\/vc_column_inner][\/vc_row_inner][vc_row_inner row_type=\u00bbrow\u00bb type=\u00bbfull_width\u00bb text_align=\u00bbleft\u00bb css_animation=\u00bb\u00bb css=\u00bb.vc_custom_1647632187031{margin-left: 2% !important;}\u00bb][vc_column_inner offset=\u00bbvc_hidden-lg vc_hidden-md\u00bb css=\u00bb.vc_custom_1647632140819{margin-top: 50px !important;}\u00bb][vc_column_text el_class=\u00bb.num_capitol_mobile\u00bb css=\u00bb.vc_custom_1647879303076{margin-bottom: 50px !important;}\u00bb]06[\/vc_column_text][vc_column_text el_class=\u00bb.titol_capitol_mobile\u00bb]<\/p>\n<h1>Benig\u00e0nim<br \/>\n<span class=\"subtitol\">Las huellas del anticlericalismo<\/span><\/h1>\n<p>[\/vc_column_text][vc_column_text el_class=\u00bb.etiqueta_mare\u00bb]<\/p>\n<h3 style=\"text-align: left;\"><span class=\"roig\">GUERRA<\/span>CIVIL<\/h3>\n<p>[\/vc_column_text][\/vc_column_inner][\/vc_row_inner][vc_row_inner row_type=\u00bbrow\u00bb type=\u00bbfull_width\u00bb text_align=\u00bbleft\u00bb css_animation=\u00bb\u00bb][vc_column_inner][vc_single_image image=\u00bb54&#8243; img_size=\u00bbfull\u00bb alignment=\u00bbcenter\u00bb qode_css_animation=\u00bb\u00bb][\/vc_column_inner][\/vc_row_inner][vc_row_inner row_type=\u00bbrow\u00bb type=\u00bbgrid\u00bb text_align=\u00bbleft\u00bb css_animation=\u00bb\u00bb css=\u00bb.vc_custom_1647628966339{margin-top: 30px !important;margin-right: 2% !important;margin-left: 2% !important;}\u00bb][vc_column_inner][vc_column_text]El fuego anticlerical e iconoclasta forma parte de la memoria de la guerra. Unos 6.832 religiosos fueron asesinados en la zona republicana y los s\u00edmbolos religiosos, muchos de ellos de gran valor art\u00edstico, padecieron una ola de destrucci\u00f3n. La devastaci\u00f3n se enmarca en un contexto cronol\u00f3gico similar al de la violencia pol\u00edtica de julio-diciembre 1936. El anticlericalismo hist\u00f3rico se reforz\u00f3 en la Rep\u00fablica por el apoyo que la Iglesia manifest\u00f3 a la derecha anti-republicana. Se miraba a los sacerdotes como a un enemigo m\u00e1s del r\u00e9gimen y de la clase obrera, pero no a las monjas, que fueron, en general, respetadas; aunque tambi\u00e9n murieron casi 300. Por lo que se refiere a Benig\u00e0nim, las Hermanas de la Caridad permanecieron en su congregaci\u00f3n.<\/p>\n<p>La violencia anticlerical estaba afectada de milenarismo y de simbolismo, como se vio en Benig\u00e0nim. La injusta sociedad tradicional deb\u00eda ser purificada con el fuego para inaugurar una sociedad racional y laica. Se quemaban p\u00fablicamente im\u00e1genes y estampas, y se montaban farsas con indumentaria lit\u00fargica, para mostrar la ineficacia de poderes sobrenaturales considerados una superstici\u00f3n a abolir. As\u00ed, el manto de la Beata se us\u00f3 en los matrimonios civiles en X\u00e0tiva para hacer s\u00e1tira de ceremonias cat\u00f3licas.<\/p>\n<p>En Benig\u00e0nim el anticlericalismo revolucionario dej\u00f3 una huella indeleble en la devoci\u00f3n religiosa. En los primeros d\u00edas se saquearon e incendiaron la iglesia parroquial , el convento e iglesia de la Beata In\u00e9s y el convento franciscano, con episodios personales de apropiaci\u00f3n il\u00edcita. En hogueras a las puertas de casas particulares tambi\u00e9n se quemaron im\u00e1genes privadas. El venerado cad\u00e1ver de la beata, desapareci\u00f3. Los milicianos de aqu\u00ed y otras localidades, tras saquear tambi\u00e9n capillas y ermitas, recorrieron pueblos cercanos arrasando con los objetos de culto.<\/p>\n<p>Posteriormente, los espacios profanados adquirieron nuevos usos: la iglesia del Cristo fue un taller de alpargatas, en el cual llegaron a trabajar los ni\u00f1os acogidos en la colonia del Balneario de Bell\u00fas. La iglesia parroquial sirvi\u00f3 de corral de ganado. Los bienes del Asilo de Benig\u00e0nim fueron ingresados en la Delegaci\u00f3n de Asistencia Social. Otros objetos de valor se entregaron a la Caja de Reparaciones del gobierno, para comprar material de guerra. La puerta de la iglesia parroquial fue tapiada para impedir que los ni\u00f1os entraran a jugar.[\/vc_column_text][\/vc_column_inner][\/vc_row_inner][\/vc_column][\/vc_row][vc_row css_animation=\u00bb\u00bb row_type=\u00bbrow\u00bb use_row_as_full_screen_section=\u00bbno\u00bb type=\u00bbgrid\u00bb angled_section=\u00bbno\u00bb text_align=\u00bbleft\u00bb background_image_as_pattern=\u00bbwithout_pattern\u00bb z_index=\u00bb\u00bb][vc_column width=\u00bb1\/3&#8243;][vc_btn title=\u00bbEntrevistas\u00bb style=\u00bbcustom\u00bb custom_background=\u00bb#bf0000&#8243; custom_text=\u00bb#ffffff\u00bb shape=\u00bbsquare\u00bb align=\u00bbleft\u00bb i_align=\u00bbright\u00bb i_icon_fontawesome=\u00bbfas fa-play\u00bb button_block=\u00bbtrue\u00bb add_icon=\u00bbtrue\u00bb link=\u00bburl:https%3A%2F%2Fmemoriademocratica.beniganim.org%2Fes%2Fla-guerra-civil-las-huellas-del-anticlericalismo-entrevistas%2F|title:La%20guerra%20civil%3A%20Les%20petjades%20de%20l%E2%80%99anticlericalisme.%20Entrevistes\u00bb][\/vc_column][vc_column width=\u00bb1\/3&#8243;][\/vc_column][vc_column width=\u00bb1\/3&#8243;][\/vc_column][\/vc_row][vc_row css_animation=\u00bb\u00bb row_type=\u00bbrow\u00bb use_row_as_full_screen_section=\u00bbno\u00bb type=\u00bbfull_width\u00bb angled_section=\u00bbno\u00bb text_align=\u00bbleft\u00bb background_image_as_pattern=\u00bbwithout_pattern\u00bb][vc_column][vc_masonry_media_grid element_width=\u00bb3&#8243; gap=\u00bb10&#8243; item=\u00bb263&#8243; grid_id=\u00bbvc_gid:1663163327319-d2b2a0e7-52e7-10&#8243; include=\u00bb1404,1406,1408,1410,1412,1414,1416,1418,1420,1422,1424,1426,1428,1430,1432,1434,1436,1438,1440,1442,1444,1446,1448,1450,1452,1454,1456,1458,1460,1462,2421,2423&#8243;][\/vc_column][\/vc_row]<\/p>\n<\/div>","protected":false},"excerpt":{"rendered":"<p>[vc_row css_animation=\u00bb\u00bb row_type=\u00bbrow\u00bb use_row_as_full_screen_section=\u00bbno\u00bb type=\u00bbfull_width\u00bb angled_section=\u00bbno\u00bb text_align=\u00bbleft\u00bb background_image_as_pattern=\u00bbwithout_pattern\u00bb z_index=\u00bb\u00bb css=\u00bb.vc_custom_1654513183628{margin-bottom: 0px !important;padding-bottom: 50px !important;background-image: url(http:\/\/memoriademocratica.beniganim.org\/wp-content\/uploads\/2022\/06\/fons06_gc.png?id=2604) !important;background-position: center !important;background-repeat: no-repeat !important;background-size: contain !important;}\u00bb el_class=\u00bb.imatge_fons\u00bb][vc_column][vc_row_inner row_type=\u00bbrow\u00bb type=\u00bbgrid\u00bb text_align=\u00bbleft\u00bb css_animation=\u00bb\u00bb padding_top=\u00bb50%\u00bb][vc_column_inner width=\u00bb1\/6&#8243; css=\u00bb.vc_custom_1647631464667{margin-right: 0px !important;margin-left: -100px !important;padding-right: 0px !important;}\u00bb offset=\u00bbvc_hidden-sm vc_hidden-xs\u00bb][vc_column_text el_class=\u00bb.num_capitol\u00bb]06[\/vc_column_text][\/vc_column_inner][vc_column_inner width=\u00bb7\/12&#8243; css=\u00bb.vc_custom_1647631470542{margin-left: -100px !important;padding-left: 0px !important;}\u00bb&#8230;<\/p>\n","protected":false},"author":1,"featured_media":0,"parent":0,"menu_order":0,"comment_status":"closed","ping_status":"closed","template":"full_width.php","meta":{"_monsterinsights_skip_tracking":false,"_monsterinsights_sitenote_active":false,"_monsterinsights_sitenote_note":"","_monsterinsights_sitenote_category":0,"footnotes":""},"class_list":["post-2764","page","type-page","status-publish","hentry"],"yoast_head":"<!-- This site is optimized with the Yoast SEO plugin v20.2.1 - https:\/\/yoast.com\/wordpress\/plugins\/seo\/ -->\n<title>Benig\u00e0nim. Las huellas del anticlericalismo - Mem\u00f2ria Democr\u00e0tica de Benig\u00e0nim<\/title>\n<meta name=\"robots\" content=\"index, follow, max-snippet:-1, max-image-preview:large, max-video-preview:-1\" \/>\n<link rel=\"canonical\" href=\"https:\/\/memoriademocratica.beniganim.org\/es\/beniganim-les-petjades-de-lanticlericalisme\/\" \/>\n<meta property=\"og:locale\" content=\"es_ES\" \/>\n<meta property=\"og:type\" content=\"article\" \/>\n<meta property=\"og:title\" content=\"Benig\u00e0nim. Las huellas del anticlericalismo - Mem\u00f2ria Democr\u00e0tica de Benig\u00e0nim\" \/>\n<meta property=\"og:description\" content=\"[vc_row css_animation=\u00bb\u00bb row_type=\u00bbrow\u00bb use_row_as_full_screen_section=\u00bbno\u00bb type=\u00bbfull_width\u00bb angled_section=\u00bbno\u00bb text_align=\u00bbleft\u00bb background_image_as_pattern=\u00bbwithout_pattern\u00bb z_index=\u00bb\u00bb css=\u00bb.vc_custom_1654513183628{margin-bottom: 0px !important;padding-bottom: 50px !important;background-image: url(http:\/\/memoriademocratica.beniganim.org\/wp-content\/uploads\/2022\/06\/fons06_gc.png?id=2604) !important;background-position: center !important;background-repeat: no-repeat !important;background-size: contain !important;}\u00bb el_class=\u00bb.imatge_fons\u00bb][vc_column][vc_row_inner row_type=\u00bbrow\u00bb type=\u00bbgrid\u00bb text_align=\u00bbleft\u00bb css_animation=\u00bb\u00bb padding_top=\u00bb50%\u00bb][vc_column_inner width=\u00bb1\/6&#8243; css=\u00bb.vc_custom_1647631464667{margin-right: 0px !important;margin-left: -100px !important;padding-right: 0px !important;}\u00bb offset=\u00bbvc_hidden-sm vc_hidden-xs\u00bb][vc_column_text el_class=\u00bb.num_capitol\u00bb]06[\/vc_column_text][\/vc_column_inner][vc_column_inner width=\u00bb7\/12&#8243; css=\u00bb.vc_custom_1647631470542{margin-left: -100px !important;padding-left: 0px !important;}\u00bb...\" \/>\n<meta property=\"og:url\" content=\"https:\/\/memoriademocratica.beniganim.org\/es\/beniganim-les-petjades-de-lanticlericalisme\/\" \/>\n<meta property=\"og:site_name\" content=\"Mem\u00f2ria Democr\u00e0tica de Benig\u00e0nim\" \/>\n<meta property=\"article:modified_time\" content=\"2022-09-14T13:49:08+00:00\" \/>\n<meta property=\"og:image\" content=\"https:\/\/memoriademocratica.beniganim.org\/wp-content\/uploads\/2023\/02\/logo_memoria_democratica_beniganim.png\" \/>\n\t<meta property=\"og:image:width\" content=\"700\" \/>\n\t<meta property=\"og:image:height\" content=\"120\" \/>\n\t<meta property=\"og:image:type\" content=\"image\/png\" \/>\n<meta name=\"twitter:card\" content=\"summary_large_image\" \/>\n<meta name=\"twitter:label1\" content=\"Tiempo de lectura\" \/>\n\t<meta name=\"twitter:data1\" content=\"5 minutos\" \/>\n<script type=\"application\/ld+json\" class=\"yoast-schema-graph\">{\"@context\":\"https:\/\/schema.org\",\"@graph\":[{\"@type\":\"WebPage\",\"@id\":\"https:\/\/memoriademocratica.beniganim.org\/es\/beniganim-les-petjades-de-lanticlericalisme\/\",\"url\":\"https:\/\/memoriademocratica.beniganim.org\/es\/beniganim-les-petjades-de-lanticlericalisme\/\",\"name\":\"Benig\u00e0nim. Las huellas del anticlericalismo - Mem\u00f2ria Democr\u00e0tica de Benig\u00e0nim\",\"isPartOf\":{\"@id\":\"https:\/\/memoriademocratica.beniganim.org\/es\/#website\"},\"datePublished\":\"2022-03-21T16:13:57+00:00\",\"dateModified\":\"2022-09-14T13:49:08+00:00\",\"breadcrumb\":{\"@id\":\"https:\/\/memoriademocratica.beniganim.org\/es\/beniganim-les-petjades-de-lanticlericalisme\/#breadcrumb\"},\"inLanguage\":\"es\",\"potentialAction\":[{\"@type\":\"ReadAction\",\"target\":[\"https:\/\/memoriademocratica.beniganim.org\/es\/beniganim-les-petjades-de-lanticlericalisme\/\"]}]},{\"@type\":\"BreadcrumbList\",\"@id\":\"https:\/\/memoriademocratica.beniganim.org\/es\/beniganim-les-petjades-de-lanticlericalisme\/#breadcrumb\",\"itemListElement\":[{\"@type\":\"ListItem\",\"position\":1,\"name\":\"Inici\",\"item\":\"https:\/\/memoriademocratica.beniganim.org\/es\/\"},{\"@type\":\"ListItem\",\"position\":2,\"name\":\"Benig\u00e0nim. Las huellas del anticlericalismo\"}]},{\"@type\":\"WebSite\",\"@id\":\"https:\/\/memoriademocratica.beniganim.org\/es\/#website\",\"url\":\"https:\/\/memoriademocratica.beniganim.org\/es\/\",\"name\":\"Mem\u00f2ria Democr\u00e0tica de Benig\u00e0nim\",\"description\":\"Arxiu de la paraula i la imatge\",\"publisher\":{\"@id\":\"https:\/\/memoriademocratica.beniganim.org\/es\/#organization\"},\"potentialAction\":[{\"@type\":\"SearchAction\",\"target\":{\"@type\":\"EntryPoint\",\"urlTemplate\":\"https:\/\/memoriademocratica.beniganim.org\/es\/?s={search_term_string}\"},\"query-input\":\"required name=search_term_string\"}],\"inLanguage\":\"es\"},{\"@type\":\"Organization\",\"@id\":\"https:\/\/memoriademocratica.beniganim.org\/es\/#organization\",\"name\":\"Mem\u00f2ria democr\u00e0tica de Benig\u00e0nim\",\"url\":\"https:\/\/memoriademocratica.beniganim.org\/es\/\",\"logo\":{\"@type\":\"ImageObject\",\"inLanguage\":\"es\",\"@id\":\"https:\/\/memoriademocratica.beniganim.org\/es\/#\/schema\/logo\/image\/\",\"url\":\"https:\/\/memoriademocratica.beniganim.org\/wp-content\/uploads\/2023\/02\/logo_memoria_democratica_beniganim.png\",\"contentUrl\":\"https:\/\/memoriademocratica.beniganim.org\/wp-content\/uploads\/2023\/02\/logo_memoria_democratica_beniganim.png\",\"width\":700,\"height\":120,\"caption\":\"Mem\u00f2ria democr\u00e0tica de Benig\u00e0nim\"},\"image\":{\"@id\":\"https:\/\/memoriademocratica.beniganim.org\/es\/#\/schema\/logo\/image\/\"}}]}<\/script>\n<!-- \/ Yoast SEO plugin. -->","yoast_head_json":{"title":"Benig\u00e0nim. Las huellas del anticlericalismo - Mem\u00f2ria Democr\u00e0tica de Benig\u00e0nim","robots":{"index":"index","follow":"follow","max-snippet":"max-snippet:-1","max-image-preview":"max-image-preview:large","max-video-preview":"max-video-preview:-1"},"canonical":"https:\/\/memoriademocratica.beniganim.org\/es\/beniganim-les-petjades-de-lanticlericalisme\/","og_locale":"es_ES","og_type":"article","og_title":"Benig\u00e0nim. Las huellas del anticlericalismo - Mem\u00f2ria Democr\u00e0tica de Benig\u00e0nim","og_description":"[vc_row css_animation=\u00bb\u00bb row_type=\u00bbrow\u00bb use_row_as_full_screen_section=\u00bbno\u00bb type=\u00bbfull_width\u00bb angled_section=\u00bbno\u00bb text_align=\u00bbleft\u00bb background_image_as_pattern=\u00bbwithout_pattern\u00bb z_index=\u00bb\u00bb css=\u00bb.vc_custom_1654513183628{margin-bottom: 0px !important;padding-bottom: 50px !important;background-image: url(http:\/\/memoriademocratica.beniganim.org\/wp-content\/uploads\/2022\/06\/fons06_gc.png?id=2604) !important;background-position: center !important;background-repeat: no-repeat !important;background-size: contain !important;}\u00bb el_class=\u00bb.imatge_fons\u00bb][vc_column][vc_row_inner row_type=\u00bbrow\u00bb type=\u00bbgrid\u00bb text_align=\u00bbleft\u00bb css_animation=\u00bb\u00bb padding_top=\u00bb50%\u00bb][vc_column_inner width=\u00bb1\/6&#8243; css=\u00bb.vc_custom_1647631464667{margin-right: 0px !important;margin-left: -100px !important;padding-right: 0px !important;}\u00bb offset=\u00bbvc_hidden-sm vc_hidden-xs\u00bb][vc_column_text el_class=\u00bb.num_capitol\u00bb]06[\/vc_column_text][\/vc_column_inner][vc_column_inner width=\u00bb7\/12&#8243; css=\u00bb.vc_custom_1647631470542{margin-left: -100px !important;padding-left: 0px !important;}\u00bb...","og_url":"https:\/\/memoriademocratica.beniganim.org\/es\/beniganim-les-petjades-de-lanticlericalisme\/","og_site_name":"Mem\u00f2ria Democr\u00e0tica de Benig\u00e0nim","article_modified_time":"2022-09-14T13:49:08+00:00","og_image":[{"width":700,"height":120,"url":"https:\/\/memoriademocratica.beniganim.org\/wp-content\/uploads\/2023\/02\/logo_memoria_democratica_beniganim.png","type":"image\/png"}],"twitter_card":"summary_large_image","twitter_misc":{"Tiempo de lectura":"5 minutos"},"schema":{"@context":"https:\/\/schema.org","@graph":[{"@type":"WebPage","@id":"https:\/\/memoriademocratica.beniganim.org\/es\/beniganim-les-petjades-de-lanticlericalisme\/","url":"https:\/\/memoriademocratica.beniganim.org\/es\/beniganim-les-petjades-de-lanticlericalisme\/","name":"Benig\u00e0nim. Las huellas del anticlericalismo - Mem\u00f2ria Democr\u00e0tica de Benig\u00e0nim","isPartOf":{"@id":"https:\/\/memoriademocratica.beniganim.org\/es\/#website"},"datePublished":"2022-03-21T16:13:57+00:00","dateModified":"2022-09-14T13:49:08+00:00","breadcrumb":{"@id":"https:\/\/memoriademocratica.beniganim.org\/es\/beniganim-les-petjades-de-lanticlericalisme\/#breadcrumb"},"inLanguage":"es","potentialAction":[{"@type":"ReadAction","target":["https:\/\/memoriademocratica.beniganim.org\/es\/beniganim-les-petjades-de-lanticlericalisme\/"]}]},{"@type":"BreadcrumbList","@id":"https:\/\/memoriademocratica.beniganim.org\/es\/beniganim-les-petjades-de-lanticlericalisme\/#breadcrumb","itemListElement":[{"@type":"ListItem","position":1,"name":"Inici","item":"https:\/\/memoriademocratica.beniganim.org\/es\/"},{"@type":"ListItem","position":2,"name":"Benig\u00e0nim. Las huellas del anticlericalismo"}]},{"@type":"WebSite","@id":"https:\/\/memoriademocratica.beniganim.org\/es\/#website","url":"https:\/\/memoriademocratica.beniganim.org\/es\/","name":"Mem\u00f2ria Democr\u00e0tica de Benig\u00e0nim","description":"Arxiu de la paraula i la imatge","publisher":{"@id":"https:\/\/memoriademocratica.beniganim.org\/es\/#organization"},"potentialAction":[{"@type":"SearchAction","target":{"@type":"EntryPoint","urlTemplate":"https:\/\/memoriademocratica.beniganim.org\/es\/?s={search_term_string}"},"query-input":"required name=search_term_string"}],"inLanguage":"es"},{"@type":"Organization","@id":"https:\/\/memoriademocratica.beniganim.org\/es\/#organization","name":"Mem\u00f2ria democr\u00e0tica de Benig\u00e0nim","url":"https:\/\/memoriademocratica.beniganim.org\/es\/","logo":{"@type":"ImageObject","inLanguage":"es","@id":"https:\/\/memoriademocratica.beniganim.org\/es\/#\/schema\/logo\/image\/","url":"https:\/\/memoriademocratica.beniganim.org\/wp-content\/uploads\/2023\/02\/logo_memoria_democratica_beniganim.png","contentUrl":"https:\/\/memoriademocratica.beniganim.org\/wp-content\/uploads\/2023\/02\/logo_memoria_democratica_beniganim.png","width":700,"height":120,"caption":"Mem\u00f2ria democr\u00e0tica de Benig\u00e0nim"},"image":{"@id":"https:\/\/memoriademocratica.beniganim.org\/es\/#\/schema\/logo\/image\/"}}]}},"_links":{"self":[{"href":"https:\/\/memoriademocratica.beniganim.org\/es\/wp-json\/wp\/v2\/pages\/2764","targetHints":{"allow":["GET"]}}],"collection":[{"href":"https:\/\/memoriademocratica.beniganim.org\/es\/wp-json\/wp\/v2\/pages"}],"about":[{"href":"https:\/\/memoriademocratica.beniganim.org\/es\/wp-json\/wp\/v2\/types\/page"}],"author":[{"embeddable":true,"href":"https:\/\/memoriademocratica.beniganim.org\/es\/wp-json\/wp\/v2\/users\/1"}],"replies":[{"embeddable":true,"href":"https:\/\/memoriademocratica.beniganim.org\/es\/wp-json\/wp\/v2\/comments?post=2764"}],"version-history":[{"count":7,"href":"https:\/\/memoriademocratica.beniganim.org\/es\/wp-json\/wp\/v2\/pages\/2764\/revisions"}],"predecessor-version":[{"id":3886,"href":"https:\/\/memoriademocratica.beniganim.org\/es\/wp-json\/wp\/v2\/pages\/2764\/revisions\/3886"}],"wp:attachment":[{"href":"https:\/\/memoriademocratica.beniganim.org\/es\/wp-json\/wp\/v2\/media?parent=2764"}],"curies":[{"name":"wp","href":"https:\/\/api.w.org\/{rel}","templated":true}]}}