{"id":2780,"date":"2022-03-21T19:48:48","date_gmt":"2022-03-21T17:48:48","guid":{"rendered":"http:\/\/memoriademocratica.beniganim.org\/la-vall-dalbaida\/"},"modified":"2022-06-08T10:41:09","modified_gmt":"2022-06-08T08:41:09","slug":"la-vall-dalbaida","status":"publish","type":"page","link":"https:\/\/memoriademocratica.beniganim.org\/es\/la-vall-dalbaida\/","title":{"rendered":"La Vall d\u2019Albaida"},"content":{"rendered":"<div class=\"wpb-content-wrapper\"><p>[vc_row css_animation=\u00bb\u00bb row_type=\u00bbrow\u00bb use_row_as_full_screen_section=\u00bbno\u00bb type=\u00bbfull_width\u00bb angled_section=\u00bbno\u00bb text_align=\u00bbleft\u00bb background_image_as_pattern=\u00bbwithout_pattern\u00bb z_index=\u00bb\u00bb css=\u00bb.vc_custom_1654598477754{margin-bottom: 0px !important;padding-bottom: 50px !important;background-image: url(http:\/\/memoriademocratica.beniganim.org\/wp-content\/uploads\/2022\/06\/fons04_df.png?id=2633) !important;background-position: center !important;background-repeat: no-repeat !important;background-size: contain !important;}\u00bb el_class=\u00bb.imatge_fons\u00bb][vc_column][vc_row_inner row_type=\u00bbrow\u00bb type=\u00bbgrid\u00bb text_align=\u00bbleft\u00bb css_animation=\u00bb\u00bb padding_top=\u00bb50%\u00bb][vc_column_inner width=\u00bb1\/6&#8243; css=\u00bb.vc_custom_1647631464667{margin-right: 0px !important;margin-left: -100px !important;padding-right: 0px !important;}\u00bb offset=\u00bbvc_hidden-sm vc_hidden-xs\u00bb][vc_column_text el_class=\u00bb.num_capitol\u00bb]04[\/vc_column_text][\/vc_column_inner][vc_column_inner width=\u00bb1\/2&#8243; css=\u00bb.vc_custom_1647631470542{margin-left: -100px !important;padding-left: 0px !important;}\u00bb offset=\u00bbvc_hidden-sm vc_hidden-xs\u00bb][vc_column_text el_class=\u00bb.titol_capitol\u00bb]<\/p>\n<h1>La Vall<br \/>\n<span class=\"subtitol\">d\u2019Albaida<\/span><\/h1>\n<p>[\/vc_column_text][\/vc_column_inner][vc_column_inner width=\u00bb1\/3&#8243; offset=\u00bbvc_hidden-sm vc_hidden-xs\u00bb][vc_column_text el_class=\u00bb.etiqueta_mare\u00bb]<\/p>\n<h3><\/h3>\n<h3 style=\"text-align: right;\"><span class=\"roig\">DICTADURA<\/span>FRANQUISTA<\/h3>\n<p>[\/vc_column_text][\/vc_column_inner][\/vc_row_inner][vc_row_inner row_type=\u00bbrow\u00bb type=\u00bbfull_width\u00bb text_align=\u00bbleft\u00bb css_animation=\u00bb\u00bb css=\u00bb.vc_custom_1647632187031{margin-left: 2% !important;}\u00bb][vc_column_inner offset=\u00bbvc_hidden-lg vc_hidden-md\u00bb css=\u00bb.vc_custom_1647632140819{margin-top: 50px !important;}\u00bb][vc_column_text el_class=\u00bb.num_capitol_mobile\u00bb css=\u00bb.vc_custom_1647884988210{margin-bottom: 50px !important;}\u00bb]04[\/vc_column_text][vc_column_text el_class=\u00bb.titol_capitol_mobile\u00bb]<\/p>\n<h1>La Vall<br \/>\n<span class=\"subtitol\">d\u2019Albaida<\/span><\/h1>\n<p>[\/vc_column_text][vc_column_text el_class=\u00bb.etiqueta_mare\u00bb]<\/p>\n<h3 style=\"text-align: left;\"><span class=\"roig\">DICTADURA<\/span>FRANQUISTA<\/h3>\n<p>[\/vc_column_text][\/vc_column_inner][\/vc_row_inner][vc_row_inner row_type=\u00bbrow\u00bb type=\u00bbfull_width\u00bb text_align=\u00bbleft\u00bb css_animation=\u00bb\u00bb][vc_column_inner][vc_single_image image=\u00bb54&#8243; img_size=\u00bbfull\u00bb alignment=\u00bbcenter\u00bb qode_css_animation=\u00bb\u00bb][\/vc_column_inner][\/vc_row_inner][vc_row_inner row_type=\u00bbrow\u00bb type=\u00bbgrid\u00bb text_align=\u00bbleft\u00bb css_animation=\u00bb\u00bb css=\u00bb.vc_custom_1647628966339{margin-top: 30px !important;margin-right: 2% !important;margin-left: 2% !important;}\u00bb][vc_column_inner][vc_column_text]En los primeros d\u00edas de la posguerra se instalaron sendas comandancias militares en Albaida y Ontinyent, con las respectivas prisiones y juzgados. Adem\u00e1s, se habilitaron calabozos irregulares por parte de Falange. A pesar de su pasado conservador, la comarca padeci\u00f3 el encarnizamiento represor del franquismo en todas sus facetas (muerte, prisi\u00f3n, batallones de trabajadores, rapado de mujeres, etc.), especialmente en Ontinyent.<\/p>\n<p>El estraperlo floreci\u00f3 en la comarca, por su producci\u00f3n de jab\u00f3n y de aceite. Al contrario que en otras zonas, la autarqu\u00eda favoreci\u00f3 pronto el despegue industrial. El textil aprovech\u00f3 materiales regenerados para elaborar un producto barato, destinado al mercado interior. La apertura relativa desde 1952 hizo perder poblaci\u00f3n a muchos pueblos agr\u00edcolas. Sin embargo, los municipios con industria textil (Bocairent, Ontinyent, Montaverner) y vidriera (L\u2019Olleria), y los que renovaron viejas cerer\u00edas (Albaida, Agullent) acogieron flujos inmigratorios del interior espa\u00f1ol. El crecimiento se sustent\u00f3 en duras condiciones de trabajo y de vida, carencias sociales y emigraci\u00f3n temporera a Francia. Las fiestas populares, la radio, el f\u00fatbol y el cine serv\u00edan de consuelo fugaz.<\/p>\n<p>En la d\u00e9cada de los 60 la Vall presentaba un panorama dual, aunque interconectado, por su densidad poblacional: por una parte, f\u00e1bricas y agricultura m\u00e1s o menos a tiempo parcial; por otra, agricultura de exportaci\u00f3n, en el oriente vit\u00edcola del valle. La sociedad se renov\u00f3 con el flujo de emigrantes: Ontinyent pas\u00f3 de 18.787 habitantes en 1960 a 23.685 en 1970. La explotaci\u00f3n de la mano de obra y la ausencia de libertades generaron n\u00facleos de oposici\u00f3n, en algunas f\u00e1bricas, con predominio del sindicato USO y con la aparici\u00f3n de Comisiones Obreras, la reconstrucci\u00f3n del PCE y la cultura alternativa, gracias a sacerdotes como Luis Esp\u00ed. Se entienden as\u00ed las huelgas de la d\u00e9cada de los setenta en el textil y en el vidrio. La dictadura se maquill\u00f3, pero sin abandonar su perfil violento: deten\u00eda, torturaba y ejecutaba a sindicalistas y a militantes comunistas.[\/vc_column_text][\/vc_column_inner][\/vc_row_inner][\/vc_column][\/vc_row][vc_row css_animation=\u00bb\u00bb row_type=\u00bbrow\u00bb use_row_as_full_screen_section=\u00bbno\u00bb type=\u00bbfull_width\u00bb angled_section=\u00bbno\u00bb text_align=\u00bbleft\u00bb background_image_as_pattern=\u00bbwithout_pattern\u00bb][vc_column][vc_masonry_media_grid element_width=\u00bb3&#8243; gap=\u00bb10&#8243; item=\u00bb263&#8243; grid_id=\u00bbvc_gid:1654677647122-76db0a26-3ac8-9&#8243; include=\u00bb922,924,926,928,930,932,934,936,938,940,942,944,946,948,950,952,954,956,958,960,962,964,966,968,970,972,974,976,978,980,982,984,986,988,990,992&#8243;][\/vc_column][\/vc_row]<\/p>\n<\/div>","protected":false},"excerpt":{"rendered":"<p>[vc_row css_animation=\u00bb\u00bb row_type=\u00bbrow\u00bb use_row_as_full_screen_section=\u00bbno\u00bb type=\u00bbfull_width\u00bb angled_section=\u00bbno\u00bb text_align=\u00bbleft\u00bb background_image_as_pattern=\u00bbwithout_pattern\u00bb z_index=\u00bb\u00bb css=\u00bb.vc_custom_1654598477754{margin-bottom: 0px !important;padding-bottom: 50px !important;background-image: url(http:\/\/memoriademocratica.beniganim.org\/wp-content\/uploads\/2022\/06\/fons04_df.png?id=2633) !important;background-position: center !important;background-repeat: no-repeat !important;background-size: contain !important;}\u00bb el_class=\u00bb.imatge_fons\u00bb][vc_column][vc_row_inner row_type=\u00bbrow\u00bb type=\u00bbgrid\u00bb text_align=\u00bbleft\u00bb css_animation=\u00bb\u00bb padding_top=\u00bb50%\u00bb][vc_column_inner width=\u00bb1\/6&#8243; css=\u00bb.vc_custom_1647631464667{margin-right: 0px !important;margin-left: -100px !important;padding-right: 0px !important;}\u00bb offset=\u00bbvc_hidden-sm vc_hidden-xs\u00bb][vc_column_text el_class=\u00bb.num_capitol\u00bb]04[\/vc_column_text][\/vc_column_inner][vc_column_inner width=\u00bb1\/2&#8243; css=\u00bb.vc_custom_1647631470542{margin-left: -100px !important;padding-left: 0px !important;}\u00bb&#8230;<\/p>\n","protected":false},"author":1,"featured_media":0,"parent":0,"menu_order":0,"comment_status":"closed","ping_status":"closed","template":"full_width.php","meta":{"_monsterinsights_skip_tracking":false,"_monsterinsights_sitenote_active":false,"_monsterinsights_sitenote_note":"","_monsterinsights_sitenote_category":0,"footnotes":""},"class_list":["post-2780","page","type-page","status-publish","hentry"],"yoast_head":"<!-- This site is optimized with the Yoast SEO plugin v20.2.1 - https:\/\/yoast.com\/wordpress\/plugins\/seo\/ -->\n<title>La Vall d\u2019Albaida - Mem\u00f2ria Democr\u00e0tica de Benig\u00e0nim<\/title>\n<meta name=\"robots\" content=\"index, follow, max-snippet:-1, max-image-preview:large, max-video-preview:-1\" \/>\n<link rel=\"canonical\" href=\"https:\/\/memoriademocratica.beniganim.org\/es\/la-vall-dalbaida\/\" \/>\n<meta property=\"og:locale\" content=\"es_ES\" \/>\n<meta property=\"og:type\" content=\"article\" \/>\n<meta property=\"og:title\" content=\"La Vall d\u2019Albaida - Mem\u00f2ria Democr\u00e0tica de Benig\u00e0nim\" \/>\n<meta property=\"og:description\" content=\"[vc_row css_animation=\u00bb\u00bb row_type=\u00bbrow\u00bb use_row_as_full_screen_section=\u00bbno\u00bb type=\u00bbfull_width\u00bb angled_section=\u00bbno\u00bb text_align=\u00bbleft\u00bb background_image_as_pattern=\u00bbwithout_pattern\u00bb z_index=\u00bb\u00bb css=\u00bb.vc_custom_1654598477754{margin-bottom: 0px !important;padding-bottom: 50px !important;background-image: url(http:\/\/memoriademocratica.beniganim.org\/wp-content\/uploads\/2022\/06\/fons04_df.png?id=2633) !important;background-position: center !important;background-repeat: no-repeat !important;background-size: contain !important;}\u00bb el_class=\u00bb.imatge_fons\u00bb][vc_column][vc_row_inner row_type=\u00bbrow\u00bb type=\u00bbgrid\u00bb text_align=\u00bbleft\u00bb css_animation=\u00bb\u00bb padding_top=\u00bb50%\u00bb][vc_column_inner width=\u00bb1\/6&#8243; css=\u00bb.vc_custom_1647631464667{margin-right: 0px !important;margin-left: -100px !important;padding-right: 0px !important;}\u00bb offset=\u00bbvc_hidden-sm vc_hidden-xs\u00bb][vc_column_text el_class=\u00bb.num_capitol\u00bb]04[\/vc_column_text][\/vc_column_inner][vc_column_inner width=\u00bb1\/2&#8243; css=\u00bb.vc_custom_1647631470542{margin-left: -100px !important;padding-left: 0px !important;}\u00bb...\" \/>\n<meta property=\"og:url\" content=\"https:\/\/memoriademocratica.beniganim.org\/es\/la-vall-dalbaida\/\" \/>\n<meta property=\"og:site_name\" content=\"Mem\u00f2ria Democr\u00e0tica de Benig\u00e0nim\" \/>\n<meta property=\"article:modified_time\" content=\"2022-06-08T08:41:09+00:00\" \/>\n<meta property=\"og:image\" content=\"https:\/\/memoriademocratica.beniganim.org\/wp-content\/uploads\/2023\/02\/logo_memoria_democratica_beniganim.png\" \/>\n\t<meta property=\"og:image:width\" content=\"700\" \/>\n\t<meta property=\"og:image:height\" content=\"120\" \/>\n\t<meta property=\"og:image:type\" content=\"image\/png\" \/>\n<meta name=\"twitter:card\" content=\"summary_large_image\" \/>\n<meta name=\"twitter:label1\" content=\"Tiempo de lectura\" \/>\n\t<meta name=\"twitter:data1\" content=\"4 minutos\" \/>\n<script type=\"application\/ld+json\" class=\"yoast-schema-graph\">{\"@context\":\"https:\/\/schema.org\",\"@graph\":[{\"@type\":\"WebPage\",\"@id\":\"https:\/\/memoriademocratica.beniganim.org\/es\/la-vall-dalbaida\/\",\"url\":\"https:\/\/memoriademocratica.beniganim.org\/es\/la-vall-dalbaida\/\",\"name\":\"La Vall d\u2019Albaida - Mem\u00f2ria Democr\u00e0tica de Benig\u00e0nim\",\"isPartOf\":{\"@id\":\"https:\/\/memoriademocratica.beniganim.org\/es\/#website\"},\"datePublished\":\"2022-03-21T17:48:48+00:00\",\"dateModified\":\"2022-06-08T08:41:09+00:00\",\"breadcrumb\":{\"@id\":\"https:\/\/memoriademocratica.beniganim.org\/es\/la-vall-dalbaida\/#breadcrumb\"},\"inLanguage\":\"es\",\"potentialAction\":[{\"@type\":\"ReadAction\",\"target\":[\"https:\/\/memoriademocratica.beniganim.org\/es\/la-vall-dalbaida\/\"]}]},{\"@type\":\"BreadcrumbList\",\"@id\":\"https:\/\/memoriademocratica.beniganim.org\/es\/la-vall-dalbaida\/#breadcrumb\",\"itemListElement\":[{\"@type\":\"ListItem\",\"position\":1,\"name\":\"Inici\",\"item\":\"https:\/\/memoriademocratica.beniganim.org\/es\/\"},{\"@type\":\"ListItem\",\"position\":2,\"name\":\"La Vall d\u2019Albaida\"}]},{\"@type\":\"WebSite\",\"@id\":\"https:\/\/memoriademocratica.beniganim.org\/es\/#website\",\"url\":\"https:\/\/memoriademocratica.beniganim.org\/es\/\",\"name\":\"Mem\u00f2ria Democr\u00e0tica de Benig\u00e0nim\",\"description\":\"Arxiu de la paraula i la imatge\",\"publisher\":{\"@id\":\"https:\/\/memoriademocratica.beniganim.org\/es\/#organization\"},\"potentialAction\":[{\"@type\":\"SearchAction\",\"target\":{\"@type\":\"EntryPoint\",\"urlTemplate\":\"https:\/\/memoriademocratica.beniganim.org\/es\/?s={search_term_string}\"},\"query-input\":\"required name=search_term_string\"}],\"inLanguage\":\"es\"},{\"@type\":\"Organization\",\"@id\":\"https:\/\/memoriademocratica.beniganim.org\/es\/#organization\",\"name\":\"Mem\u00f2ria democr\u00e0tica de Benig\u00e0nim\",\"url\":\"https:\/\/memoriademocratica.beniganim.org\/es\/\",\"logo\":{\"@type\":\"ImageObject\",\"inLanguage\":\"es\",\"@id\":\"https:\/\/memoriademocratica.beniganim.org\/es\/#\/schema\/logo\/image\/\",\"url\":\"https:\/\/memoriademocratica.beniganim.org\/wp-content\/uploads\/2023\/02\/logo_memoria_democratica_beniganim.png\",\"contentUrl\":\"https:\/\/memoriademocratica.beniganim.org\/wp-content\/uploads\/2023\/02\/logo_memoria_democratica_beniganim.png\",\"width\":700,\"height\":120,\"caption\":\"Mem\u00f2ria democr\u00e0tica de Benig\u00e0nim\"},\"image\":{\"@id\":\"https:\/\/memoriademocratica.beniganim.org\/es\/#\/schema\/logo\/image\/\"}}]}<\/script>\n<!-- \/ Yoast SEO plugin. -->","yoast_head_json":{"title":"La Vall d\u2019Albaida - Mem\u00f2ria Democr\u00e0tica de Benig\u00e0nim","robots":{"index":"index","follow":"follow","max-snippet":"max-snippet:-1","max-image-preview":"max-image-preview:large","max-video-preview":"max-video-preview:-1"},"canonical":"https:\/\/memoriademocratica.beniganim.org\/es\/la-vall-dalbaida\/","og_locale":"es_ES","og_type":"article","og_title":"La Vall d\u2019Albaida - Mem\u00f2ria Democr\u00e0tica de Benig\u00e0nim","og_description":"[vc_row css_animation=\u00bb\u00bb row_type=\u00bbrow\u00bb use_row_as_full_screen_section=\u00bbno\u00bb type=\u00bbfull_width\u00bb angled_section=\u00bbno\u00bb text_align=\u00bbleft\u00bb background_image_as_pattern=\u00bbwithout_pattern\u00bb z_index=\u00bb\u00bb css=\u00bb.vc_custom_1654598477754{margin-bottom: 0px !important;padding-bottom: 50px !important;background-image: url(http:\/\/memoriademocratica.beniganim.org\/wp-content\/uploads\/2022\/06\/fons04_df.png?id=2633) !important;background-position: center !important;background-repeat: no-repeat !important;background-size: contain !important;}\u00bb el_class=\u00bb.imatge_fons\u00bb][vc_column][vc_row_inner row_type=\u00bbrow\u00bb type=\u00bbgrid\u00bb text_align=\u00bbleft\u00bb css_animation=\u00bb\u00bb padding_top=\u00bb50%\u00bb][vc_column_inner width=\u00bb1\/6&#8243; css=\u00bb.vc_custom_1647631464667{margin-right: 0px !important;margin-left: -100px !important;padding-right: 0px !important;}\u00bb offset=\u00bbvc_hidden-sm vc_hidden-xs\u00bb][vc_column_text el_class=\u00bb.num_capitol\u00bb]04[\/vc_column_text][\/vc_column_inner][vc_column_inner width=\u00bb1\/2&#8243; css=\u00bb.vc_custom_1647631470542{margin-left: -100px !important;padding-left: 0px !important;}\u00bb...","og_url":"https:\/\/memoriademocratica.beniganim.org\/es\/la-vall-dalbaida\/","og_site_name":"Mem\u00f2ria Democr\u00e0tica de Benig\u00e0nim","article_modified_time":"2022-06-08T08:41:09+00:00","og_image":[{"width":700,"height":120,"url":"https:\/\/memoriademocratica.beniganim.org\/wp-content\/uploads\/2023\/02\/logo_memoria_democratica_beniganim.png","type":"image\/png"}],"twitter_card":"summary_large_image","twitter_misc":{"Tiempo de lectura":"4 minutos"},"schema":{"@context":"https:\/\/schema.org","@graph":[{"@type":"WebPage","@id":"https:\/\/memoriademocratica.beniganim.org\/es\/la-vall-dalbaida\/","url":"https:\/\/memoriademocratica.beniganim.org\/es\/la-vall-dalbaida\/","name":"La Vall d\u2019Albaida - Mem\u00f2ria Democr\u00e0tica de Benig\u00e0nim","isPartOf":{"@id":"https:\/\/memoriademocratica.beniganim.org\/es\/#website"},"datePublished":"2022-03-21T17:48:48+00:00","dateModified":"2022-06-08T08:41:09+00:00","breadcrumb":{"@id":"https:\/\/memoriademocratica.beniganim.org\/es\/la-vall-dalbaida\/#breadcrumb"},"inLanguage":"es","potentialAction":[{"@type":"ReadAction","target":["https:\/\/memoriademocratica.beniganim.org\/es\/la-vall-dalbaida\/"]}]},{"@type":"BreadcrumbList","@id":"https:\/\/memoriademocratica.beniganim.org\/es\/la-vall-dalbaida\/#breadcrumb","itemListElement":[{"@type":"ListItem","position":1,"name":"Inici","item":"https:\/\/memoriademocratica.beniganim.org\/es\/"},{"@type":"ListItem","position":2,"name":"La Vall d\u2019Albaida"}]},{"@type":"WebSite","@id":"https:\/\/memoriademocratica.beniganim.org\/es\/#website","url":"https:\/\/memoriademocratica.beniganim.org\/es\/","name":"Mem\u00f2ria Democr\u00e0tica de Benig\u00e0nim","description":"Arxiu de la paraula i la imatge","publisher":{"@id":"https:\/\/memoriademocratica.beniganim.org\/es\/#organization"},"potentialAction":[{"@type":"SearchAction","target":{"@type":"EntryPoint","urlTemplate":"https:\/\/memoriademocratica.beniganim.org\/es\/?s={search_term_string}"},"query-input":"required name=search_term_string"}],"inLanguage":"es"},{"@type":"Organization","@id":"https:\/\/memoriademocratica.beniganim.org\/es\/#organization","name":"Mem\u00f2ria democr\u00e0tica de Benig\u00e0nim","url":"https:\/\/memoriademocratica.beniganim.org\/es\/","logo":{"@type":"ImageObject","inLanguage":"es","@id":"https:\/\/memoriademocratica.beniganim.org\/es\/#\/schema\/logo\/image\/","url":"https:\/\/memoriademocratica.beniganim.org\/wp-content\/uploads\/2023\/02\/logo_memoria_democratica_beniganim.png","contentUrl":"https:\/\/memoriademocratica.beniganim.org\/wp-content\/uploads\/2023\/02\/logo_memoria_democratica_beniganim.png","width":700,"height":120,"caption":"Mem\u00f2ria democr\u00e0tica de Benig\u00e0nim"},"image":{"@id":"https:\/\/memoriademocratica.beniganim.org\/es\/#\/schema\/logo\/image\/"}}]}},"_links":{"self":[{"href":"https:\/\/memoriademocratica.beniganim.org\/es\/wp-json\/wp\/v2\/pages\/2780","targetHints":{"allow":["GET"]}}],"collection":[{"href":"https:\/\/memoriademocratica.beniganim.org\/es\/wp-json\/wp\/v2\/pages"}],"about":[{"href":"https:\/\/memoriademocratica.beniganim.org\/es\/wp-json\/wp\/v2\/types\/page"}],"author":[{"embeddable":true,"href":"https:\/\/memoriademocratica.beniganim.org\/es\/wp-json\/wp\/v2\/users\/1"}],"replies":[{"embeddable":true,"href":"https:\/\/memoriademocratica.beniganim.org\/es\/wp-json\/wp\/v2\/comments?post=2780"}],"version-history":[{"count":2,"href":"https:\/\/memoriademocratica.beniganim.org\/es\/wp-json\/wp\/v2\/pages\/2780\/revisions"}],"predecessor-version":[{"id":2919,"href":"https:\/\/memoriademocratica.beniganim.org\/es\/wp-json\/wp\/v2\/pages\/2780\/revisions\/2919"}],"wp:attachment":[{"href":"https:\/\/memoriademocratica.beniganim.org\/es\/wp-json\/wp\/v2\/media?parent=2780"}],"curies":[{"name":"wp","href":"https:\/\/api.w.org\/{rel}","templated":true}]}}