{"id":2782,"date":"2022-03-22T10:14:55","date_gmt":"2022-03-22T08:14:55","guid":{"rendered":"http:\/\/memoriademocratica.beniganim.org\/beniganim-la-instauracio-de-la-dictadura\/"},"modified":"2022-06-08T10:53:21","modified_gmt":"2022-06-08T08:53:21","slug":"beniganim-la-instauracio-de-la-dictadura","status":"publish","type":"page","link":"https:\/\/memoriademocratica.beniganim.org\/es\/beniganim-la-instauracio-de-la-dictadura\/","title":{"rendered":"Benig\u00e0nim. La instauraci\u00f3n de la dictadura"},"content":{"rendered":"<div class=\"wpb-content-wrapper\"><p>[vc_row css_animation=\u00bb\u00bb row_type=\u00bbrow\u00bb use_row_as_full_screen_section=\u00bbno\u00bb type=\u00bbfull_width\u00bb angled_section=\u00bbno\u00bb text_align=\u00bbleft\u00bb background_image_as_pattern=\u00bbwithout_pattern\u00bb z_index=\u00bb\u00bb css=\u00bb.vc_custom_1654530357813{margin-bottom: 0px !important;padding-bottom: 50px !important;background-image: url(http:\/\/memoriademocratica.beniganim.org\/wp-content\/uploads\/2022\/06\/fons05_df.png?id=2638) !important;background-position: center !important;background-repeat: no-repeat !important;background-size: contain !important;}\u00bb el_class=\u00bb.imatge_fons\u00bb][vc_column][vc_row_inner row_type=\u00bbrow\u00bb type=\u00bbgrid\u00bb text_align=\u00bbleft\u00bb css_animation=\u00bb\u00bb padding_top=\u00bb50%\u00bb][vc_column_inner width=\u00bb1\/6&#8243; css=\u00bb.vc_custom_1647631464667{margin-right: 0px !important;margin-left: -100px !important;padding-right: 0px !important;}\u00bb offset=\u00bbvc_hidden-sm vc_hidden-xs\u00bb][vc_column_text el_class=\u00bb.num_capitol\u00bb]05[\/vc_column_text][\/vc_column_inner][vc_column_inner width=\u00bb1\/2&#8243; css=\u00bb.vc_custom_1647631470542{margin-left: -100px !important;padding-left: 0px !important;}\u00bb offset=\u00bbvc_hidden-sm vc_hidden-xs\u00bb][vc_column_text el_class=\u00bb.titol_capitol\u00bb]<\/p>\n<h1>Benig\u00e0nim<br \/>\n<span class=\"subtitol\">La instauraci\u00f3n de la dictadura<\/span><\/h1>\n<p>[\/vc_column_text][\/vc_column_inner][vc_column_inner width=\u00bb1\/3&#8243; offset=\u00bbvc_hidden-sm vc_hidden-xs\u00bb][vc_column_text el_class=\u00bb.etiqueta_mare\u00bb]<\/p>\n<h3><\/h3>\n<h3 style=\"text-align: right;\"><span class=\"roig\">DICTADURA<\/span>FRANQUISTA<\/h3>\n<p>[\/vc_column_text][\/vc_column_inner][\/vc_row_inner][vc_row_inner row_type=\u00bbrow\u00bb type=\u00bbfull_width\u00bb text_align=\u00bbleft\u00bb css_animation=\u00bb\u00bb css=\u00bb.vc_custom_1647632187031{margin-left: 2% !important;}\u00bb][vc_column_inner offset=\u00bbvc_hidden-lg vc_hidden-md\u00bb css=\u00bb.vc_custom_1647632140819{margin-top: 50px !important;}\u00bb][vc_column_text el_class=\u00bb.num_capitol_mobile\u00bb css=\u00bb.vc_custom_1647936939434{margin-bottom: 50px !important;}\u00bb]05[\/vc_column_text][vc_column_text el_class=\u00bb.titol_capitol_mobile\u00bb]<\/p>\n<h1>Benig\u00e0nim<br \/>\n<span class=\"subtitol\">La instauraci\u00f3n de la dictadura<\/span><\/h1>\n<p>[\/vc_column_text][vc_column_text el_class=\u00bb.etiqueta_mare\u00bb]<\/p>\n<h3 style=\"text-align: left;\"><span class=\"roig\">DICTADURA<\/span>FRANQUISTA<\/h3>\n<p>[\/vc_column_text][\/vc_column_inner][\/vc_row_inner][vc_row_inner row_type=\u00bbrow\u00bb type=\u00bbfull_width\u00bb text_align=\u00bbleft\u00bb css_animation=\u00bb\u00bb][vc_column_inner][vc_single_image image=\u00bb54&#8243; img_size=\u00bbfull\u00bb alignment=\u00bbcenter\u00bb qode_css_animation=\u00bb\u00bb][\/vc_column_inner][\/vc_row_inner][vc_row_inner row_type=\u00bbrow\u00bb type=\u00bbgrid\u00bb text_align=\u00bbleft\u00bb css_animation=\u00bb\u00bb css=\u00bb.vc_custom_1647628966339{margin-top: 30px !important;margin-right: 2% !important;margin-left: 2% !important;}\u00bb][vc_column_inner][vc_column_text]El 5 de abril de 1939, la 55 Divisi\u00f3n del Ej\u00e9rcito de Galicia se desplegaba por Valencia para \u201cnormalizar la vida de los pueblos liberados\u201d y gestionar numerosos presos. En Benig\u00e0nim se instal\u00f3 una comandancia militar: oficiales y soldados con jurisdicci\u00f3n hasta Pinet. Se impon\u00edan las tareas represivas y la reconstrucci\u00f3n de la vida municipal y econ\u00f3mica. Los ayuntamientos franquistas los compon\u00edan exclusivamente los \u201cadictos\u201d al r\u00e9gimen de Franco, con un papel decisivo reservado a los gobernadores civiles.<\/p>\n<p>La renovaci\u00f3n de la primera gestora municipal se retras\u00f3 y la Falange local realiz\u00f3 una propuesta que acept\u00f3 el gobernador Planas de Tovar, militar y anti-falangista. La nueva gestora falangista, presidida por Juan Benavent Ortu\u00f1o, hubo de afrontar la presi\u00f3n de exmilitantes de la Derecha Regional, liderados por Jos\u00e9 Calatayud Vay\u00e1, pr\u00f3ximo al gobernador civil. Por ello, en abril de 1940 se design\u00f3 una tercera gestora con mayor presencia de la burgues\u00eda fabril y fue elegido alcalde Pedro Cuquerella Llopis.<\/p>\n<p>Un segundo gobernador civil, Laporta Gir\u00f3n, impuls\u00f3 un poder falangista a partir de 1943, introduciendo cambios municipales. Benig\u00e0nim conoci\u00f3 su cuarta gestora, presidida por Jos\u00e9 Prades (1945), quien dimiti\u00f3 por no contar con el \u201capoyo y simpat\u00eda\u201d de Laporta y por ganarse \u201cenemigos\u201d en el pueblo, por sus proyectos de mejoras urbanas. Laporta lo reemplaz\u00f3 en la alcald\u00eda por el maestro Jos\u00e9 Moscard\u00f3 Pastor.<\/p>\n<p>El franquismo, un r\u00e9gimen pol\u00edtico improvisado, se institucionaliz\u00f3 pol\u00edtica y jur\u00eddicamente mediante la \u201cdemocracia org\u00e1nica\u201d y la representaci\u00f3n social \u201cnatural\u201d: familia, municipio, sindicato vertical. Los ayuntamientos se eleg\u00edan por tercios: familiar (\u201ccabeza de familia\u201d, hombres), sindical y de entidades (asociaciones). El primer ayuntamiento \u201corg\u00e1nico\u201d seguir\u00eda encabezado por Jos\u00e9 Moscard\u00f3. Al mismo tiempo, se convoc\u00f3 un refer\u00e9ndum (1947) por el que Espa\u00f1a se convert\u00eda en reino, ejerciendo la regencia vitalicia Franco. En Benig\u00e0nim vot\u00f3 el 88,6% del censo, con un 95,8% de s\u00edes. Fue un entramado totalmente antidemocr\u00e1tico y fraudulento.[\/vc_column_text][\/vc_column_inner][\/vc_row_inner][\/vc_column][\/vc_row][vc_row css_animation=\u00bb\u00bb row_type=\u00bbrow\u00bb use_row_as_full_screen_section=\u00bbno\u00bb type=\u00bbfull_width\u00bb angled_section=\u00bbno\u00bb text_align=\u00bbleft\u00bb background_image_as_pattern=\u00bbwithout_pattern\u00bb][vc_column][vc_masonry_media_grid element_width=\u00bb3&#8243; gap=\u00bb10&#8243; item=\u00bb263&#8243; grid_id=\u00bbvc_gid:1654678356841-8f9691d7-5249-8&#8243; include=\u00bb1537,1539,1541,1543,1545,1547,1549,1551,1553,1555,1557,1559,1561,1563,1565,1567,1569,1571,1573,1575,1577,1579,1581,1583,1585,1587,1589,1591,1593,1595,1597&#8243;][\/vc_column][\/vc_row]<\/p>\n<\/div>","protected":false},"excerpt":{"rendered":"<p>[vc_row css_animation=\u00bb\u00bb row_type=\u00bbrow\u00bb use_row_as_full_screen_section=\u00bbno\u00bb type=\u00bbfull_width\u00bb angled_section=\u00bbno\u00bb text_align=\u00bbleft\u00bb background_image_as_pattern=\u00bbwithout_pattern\u00bb z_index=\u00bb\u00bb css=\u00bb.vc_custom_1654530357813{margin-bottom: 0px !important;padding-bottom: 50px !important;background-image: url(http:\/\/memoriademocratica.beniganim.org\/wp-content\/uploads\/2022\/06\/fons05_df.png?id=2638) !important;background-position: center !important;background-repeat: no-repeat !important;background-size: contain !important;}\u00bb el_class=\u00bb.imatge_fons\u00bb][vc_column][vc_row_inner row_type=\u00bbrow\u00bb type=\u00bbgrid\u00bb text_align=\u00bbleft\u00bb css_animation=\u00bb\u00bb padding_top=\u00bb50%\u00bb][vc_column_inner width=\u00bb1\/6&#8243; css=\u00bb.vc_custom_1647631464667{margin-right: 0px !important;margin-left: -100px !important;padding-right: 0px !important;}\u00bb offset=\u00bbvc_hidden-sm vc_hidden-xs\u00bb][vc_column_text el_class=\u00bb.num_capitol\u00bb]05[\/vc_column_text][\/vc_column_inner][vc_column_inner width=\u00bb1\/2&#8243; css=\u00bb.vc_custom_1647631470542{margin-left: -100px !important;padding-left: 0px !important;}\u00bb&#8230;<\/p>\n","protected":false},"author":1,"featured_media":0,"parent":0,"menu_order":0,"comment_status":"closed","ping_status":"closed","template":"full_width.php","meta":{"_monsterinsights_skip_tracking":false,"_monsterinsights_sitenote_active":false,"_monsterinsights_sitenote_note":"","_monsterinsights_sitenote_category":0,"footnotes":""},"class_list":["post-2782","page","type-page","status-publish","hentry"],"yoast_head":"<!-- This site is optimized with the Yoast SEO plugin v20.2.1 - https:\/\/yoast.com\/wordpress\/plugins\/seo\/ -->\n<title>Benig\u00e0nim. La instauraci\u00f3n de la dictadura - Mem\u00f2ria Democr\u00e0tica de Benig\u00e0nim<\/title>\n<meta name=\"robots\" content=\"index, follow, max-snippet:-1, max-image-preview:large, max-video-preview:-1\" \/>\n<link rel=\"canonical\" href=\"https:\/\/memoriademocratica.beniganim.org\/es\/beniganim-la-instauracio-de-la-dictadura\/\" \/>\n<meta property=\"og:locale\" content=\"es_ES\" \/>\n<meta property=\"og:type\" content=\"article\" \/>\n<meta property=\"og:title\" content=\"Benig\u00e0nim. La instauraci\u00f3n de la dictadura - Mem\u00f2ria Democr\u00e0tica de Benig\u00e0nim\" \/>\n<meta property=\"og:description\" content=\"[vc_row css_animation=\u00bb\u00bb row_type=\u00bbrow\u00bb use_row_as_full_screen_section=\u00bbno\u00bb type=\u00bbfull_width\u00bb angled_section=\u00bbno\u00bb text_align=\u00bbleft\u00bb background_image_as_pattern=\u00bbwithout_pattern\u00bb z_index=\u00bb\u00bb css=\u00bb.vc_custom_1654530357813{margin-bottom: 0px !important;padding-bottom: 50px !important;background-image: url(http:\/\/memoriademocratica.beniganim.org\/wp-content\/uploads\/2022\/06\/fons05_df.png?id=2638) !important;background-position: center !important;background-repeat: no-repeat !important;background-size: contain !important;}\u00bb el_class=\u00bb.imatge_fons\u00bb][vc_column][vc_row_inner row_type=\u00bbrow\u00bb type=\u00bbgrid\u00bb text_align=\u00bbleft\u00bb css_animation=\u00bb\u00bb padding_top=\u00bb50%\u00bb][vc_column_inner width=\u00bb1\/6&#8243; css=\u00bb.vc_custom_1647631464667{margin-right: 0px !important;margin-left: -100px !important;padding-right: 0px !important;}\u00bb offset=\u00bbvc_hidden-sm vc_hidden-xs\u00bb][vc_column_text el_class=\u00bb.num_capitol\u00bb]05[\/vc_column_text][\/vc_column_inner][vc_column_inner width=\u00bb1\/2&#8243; css=\u00bb.vc_custom_1647631470542{margin-left: -100px !important;padding-left: 0px !important;}\u00bb...\" \/>\n<meta property=\"og:url\" content=\"https:\/\/memoriademocratica.beniganim.org\/es\/beniganim-la-instauracio-de-la-dictadura\/\" \/>\n<meta property=\"og:site_name\" content=\"Mem\u00f2ria Democr\u00e0tica de Benig\u00e0nim\" \/>\n<meta property=\"article:modified_time\" content=\"2022-06-08T08:53:21+00:00\" \/>\n<meta property=\"og:image\" content=\"https:\/\/memoriademocratica.beniganim.org\/wp-content\/uploads\/2023\/02\/logo_memoria_democratica_beniganim.png\" \/>\n\t<meta property=\"og:image:width\" content=\"700\" \/>\n\t<meta property=\"og:image:height\" content=\"120\" \/>\n\t<meta property=\"og:image:type\" content=\"image\/png\" \/>\n<meta name=\"twitter:card\" content=\"summary_large_image\" \/>\n<meta name=\"twitter:label1\" content=\"Tiempo de lectura\" \/>\n\t<meta name=\"twitter:data1\" content=\"4 minutos\" \/>\n<script type=\"application\/ld+json\" class=\"yoast-schema-graph\">{\"@context\":\"https:\/\/schema.org\",\"@graph\":[{\"@type\":\"WebPage\",\"@id\":\"https:\/\/memoriademocratica.beniganim.org\/es\/beniganim-la-instauracio-de-la-dictadura\/\",\"url\":\"https:\/\/memoriademocratica.beniganim.org\/es\/beniganim-la-instauracio-de-la-dictadura\/\",\"name\":\"Benig\u00e0nim. La instauraci\u00f3n de la dictadura - Mem\u00f2ria Democr\u00e0tica de Benig\u00e0nim\",\"isPartOf\":{\"@id\":\"https:\/\/memoriademocratica.beniganim.org\/es\/#website\"},\"datePublished\":\"2022-03-22T08:14:55+00:00\",\"dateModified\":\"2022-06-08T08:53:21+00:00\",\"breadcrumb\":{\"@id\":\"https:\/\/memoriademocratica.beniganim.org\/es\/beniganim-la-instauracio-de-la-dictadura\/#breadcrumb\"},\"inLanguage\":\"es\",\"potentialAction\":[{\"@type\":\"ReadAction\",\"target\":[\"https:\/\/memoriademocratica.beniganim.org\/es\/beniganim-la-instauracio-de-la-dictadura\/\"]}]},{\"@type\":\"BreadcrumbList\",\"@id\":\"https:\/\/memoriademocratica.beniganim.org\/es\/beniganim-la-instauracio-de-la-dictadura\/#breadcrumb\",\"itemListElement\":[{\"@type\":\"ListItem\",\"position\":1,\"name\":\"Inici\",\"item\":\"https:\/\/memoriademocratica.beniganim.org\/es\/\"},{\"@type\":\"ListItem\",\"position\":2,\"name\":\"Benig\u00e0nim. La instauraci\u00f3n de la dictadura\"}]},{\"@type\":\"WebSite\",\"@id\":\"https:\/\/memoriademocratica.beniganim.org\/es\/#website\",\"url\":\"https:\/\/memoriademocratica.beniganim.org\/es\/\",\"name\":\"Mem\u00f2ria Democr\u00e0tica de Benig\u00e0nim\",\"description\":\"Arxiu de la paraula i la imatge\",\"publisher\":{\"@id\":\"https:\/\/memoriademocratica.beniganim.org\/es\/#organization\"},\"potentialAction\":[{\"@type\":\"SearchAction\",\"target\":{\"@type\":\"EntryPoint\",\"urlTemplate\":\"https:\/\/memoriademocratica.beniganim.org\/es\/?s={search_term_string}\"},\"query-input\":\"required name=search_term_string\"}],\"inLanguage\":\"es\"},{\"@type\":\"Organization\",\"@id\":\"https:\/\/memoriademocratica.beniganim.org\/es\/#organization\",\"name\":\"Mem\u00f2ria democr\u00e0tica de Benig\u00e0nim\",\"url\":\"https:\/\/memoriademocratica.beniganim.org\/es\/\",\"logo\":{\"@type\":\"ImageObject\",\"inLanguage\":\"es\",\"@id\":\"https:\/\/memoriademocratica.beniganim.org\/es\/#\/schema\/logo\/image\/\",\"url\":\"https:\/\/memoriademocratica.beniganim.org\/wp-content\/uploads\/2023\/02\/logo_memoria_democratica_beniganim.png\",\"contentUrl\":\"https:\/\/memoriademocratica.beniganim.org\/wp-content\/uploads\/2023\/02\/logo_memoria_democratica_beniganim.png\",\"width\":700,\"height\":120,\"caption\":\"Mem\u00f2ria democr\u00e0tica de Benig\u00e0nim\"},\"image\":{\"@id\":\"https:\/\/memoriademocratica.beniganim.org\/es\/#\/schema\/logo\/image\/\"}}]}<\/script>\n<!-- \/ Yoast SEO plugin. -->","yoast_head_json":{"title":"Benig\u00e0nim. La instauraci\u00f3n de la dictadura - Mem\u00f2ria Democr\u00e0tica de Benig\u00e0nim","robots":{"index":"index","follow":"follow","max-snippet":"max-snippet:-1","max-image-preview":"max-image-preview:large","max-video-preview":"max-video-preview:-1"},"canonical":"https:\/\/memoriademocratica.beniganim.org\/es\/beniganim-la-instauracio-de-la-dictadura\/","og_locale":"es_ES","og_type":"article","og_title":"Benig\u00e0nim. La instauraci\u00f3n de la dictadura - Mem\u00f2ria Democr\u00e0tica de Benig\u00e0nim","og_description":"[vc_row css_animation=\u00bb\u00bb row_type=\u00bbrow\u00bb use_row_as_full_screen_section=\u00bbno\u00bb type=\u00bbfull_width\u00bb angled_section=\u00bbno\u00bb text_align=\u00bbleft\u00bb background_image_as_pattern=\u00bbwithout_pattern\u00bb z_index=\u00bb\u00bb css=\u00bb.vc_custom_1654530357813{margin-bottom: 0px !important;padding-bottom: 50px !important;background-image: url(http:\/\/memoriademocratica.beniganim.org\/wp-content\/uploads\/2022\/06\/fons05_df.png?id=2638) !important;background-position: center !important;background-repeat: no-repeat !important;background-size: contain !important;}\u00bb el_class=\u00bb.imatge_fons\u00bb][vc_column][vc_row_inner row_type=\u00bbrow\u00bb type=\u00bbgrid\u00bb text_align=\u00bbleft\u00bb css_animation=\u00bb\u00bb padding_top=\u00bb50%\u00bb][vc_column_inner width=\u00bb1\/6&#8243; css=\u00bb.vc_custom_1647631464667{margin-right: 0px !important;margin-left: -100px !important;padding-right: 0px !important;}\u00bb offset=\u00bbvc_hidden-sm vc_hidden-xs\u00bb][vc_column_text el_class=\u00bb.num_capitol\u00bb]05[\/vc_column_text][\/vc_column_inner][vc_column_inner width=\u00bb1\/2&#8243; css=\u00bb.vc_custom_1647631470542{margin-left: -100px !important;padding-left: 0px !important;}\u00bb...","og_url":"https:\/\/memoriademocratica.beniganim.org\/es\/beniganim-la-instauracio-de-la-dictadura\/","og_site_name":"Mem\u00f2ria Democr\u00e0tica de Benig\u00e0nim","article_modified_time":"2022-06-08T08:53:21+00:00","og_image":[{"width":700,"height":120,"url":"https:\/\/memoriademocratica.beniganim.org\/wp-content\/uploads\/2023\/02\/logo_memoria_democratica_beniganim.png","type":"image\/png"}],"twitter_card":"summary_large_image","twitter_misc":{"Tiempo de lectura":"4 minutos"},"schema":{"@context":"https:\/\/schema.org","@graph":[{"@type":"WebPage","@id":"https:\/\/memoriademocratica.beniganim.org\/es\/beniganim-la-instauracio-de-la-dictadura\/","url":"https:\/\/memoriademocratica.beniganim.org\/es\/beniganim-la-instauracio-de-la-dictadura\/","name":"Benig\u00e0nim. La instauraci\u00f3n de la dictadura - Mem\u00f2ria Democr\u00e0tica de Benig\u00e0nim","isPartOf":{"@id":"https:\/\/memoriademocratica.beniganim.org\/es\/#website"},"datePublished":"2022-03-22T08:14:55+00:00","dateModified":"2022-06-08T08:53:21+00:00","breadcrumb":{"@id":"https:\/\/memoriademocratica.beniganim.org\/es\/beniganim-la-instauracio-de-la-dictadura\/#breadcrumb"},"inLanguage":"es","potentialAction":[{"@type":"ReadAction","target":["https:\/\/memoriademocratica.beniganim.org\/es\/beniganim-la-instauracio-de-la-dictadura\/"]}]},{"@type":"BreadcrumbList","@id":"https:\/\/memoriademocratica.beniganim.org\/es\/beniganim-la-instauracio-de-la-dictadura\/#breadcrumb","itemListElement":[{"@type":"ListItem","position":1,"name":"Inici","item":"https:\/\/memoriademocratica.beniganim.org\/es\/"},{"@type":"ListItem","position":2,"name":"Benig\u00e0nim. La instauraci\u00f3n de la dictadura"}]},{"@type":"WebSite","@id":"https:\/\/memoriademocratica.beniganim.org\/es\/#website","url":"https:\/\/memoriademocratica.beniganim.org\/es\/","name":"Mem\u00f2ria Democr\u00e0tica de Benig\u00e0nim","description":"Arxiu de la paraula i la imatge","publisher":{"@id":"https:\/\/memoriademocratica.beniganim.org\/es\/#organization"},"potentialAction":[{"@type":"SearchAction","target":{"@type":"EntryPoint","urlTemplate":"https:\/\/memoriademocratica.beniganim.org\/es\/?s={search_term_string}"},"query-input":"required name=search_term_string"}],"inLanguage":"es"},{"@type":"Organization","@id":"https:\/\/memoriademocratica.beniganim.org\/es\/#organization","name":"Mem\u00f2ria democr\u00e0tica de Benig\u00e0nim","url":"https:\/\/memoriademocratica.beniganim.org\/es\/","logo":{"@type":"ImageObject","inLanguage":"es","@id":"https:\/\/memoriademocratica.beniganim.org\/es\/#\/schema\/logo\/image\/","url":"https:\/\/memoriademocratica.beniganim.org\/wp-content\/uploads\/2023\/02\/logo_memoria_democratica_beniganim.png","contentUrl":"https:\/\/memoriademocratica.beniganim.org\/wp-content\/uploads\/2023\/02\/logo_memoria_democratica_beniganim.png","width":700,"height":120,"caption":"Mem\u00f2ria democr\u00e0tica de Benig\u00e0nim"},"image":{"@id":"https:\/\/memoriademocratica.beniganim.org\/es\/#\/schema\/logo\/image\/"}}]}},"_links":{"self":[{"href":"https:\/\/memoriademocratica.beniganim.org\/es\/wp-json\/wp\/v2\/pages\/2782","targetHints":{"allow":["GET"]}}],"collection":[{"href":"https:\/\/memoriademocratica.beniganim.org\/es\/wp-json\/wp\/v2\/pages"}],"about":[{"href":"https:\/\/memoriademocratica.beniganim.org\/es\/wp-json\/wp\/v2\/types\/page"}],"author":[{"embeddable":true,"href":"https:\/\/memoriademocratica.beniganim.org\/es\/wp-json\/wp\/v2\/users\/1"}],"replies":[{"embeddable":true,"href":"https:\/\/memoriademocratica.beniganim.org\/es\/wp-json\/wp\/v2\/comments?post=2782"}],"version-history":[{"count":4,"href":"https:\/\/memoriademocratica.beniganim.org\/es\/wp-json\/wp\/v2\/pages\/2782\/revisions"}],"predecessor-version":[{"id":2920,"href":"https:\/\/memoriademocratica.beniganim.org\/es\/wp-json\/wp\/v2\/pages\/2782\/revisions\/2920"}],"wp:attachment":[{"href":"https:\/\/memoriademocratica.beniganim.org\/es\/wp-json\/wp\/v2\/media?parent=2782"}],"curies":[{"name":"wp","href":"https:\/\/api.w.org\/{rel}","templated":true}]}}