{"id":2821,"date":"2022-03-22T11:11:37","date_gmt":"2022-03-22T09:11:37","guid":{"rendered":"http:\/\/memoriademocratica.beniganim.org\/beniganim-un-carnisser-de-guerra-en-beniganim-el-polaco\/"},"modified":"2022-06-08T11:21:26","modified_gmt":"2022-06-08T09:21:26","slug":"beniganim-un-carnisser-de-guerra-en-beniganim-el-polaco","status":"publish","type":"page","link":"https:\/\/memoriademocratica.beniganim.org\/es\/beniganim-un-carnisser-de-guerra-en-beniganim-el-polaco\/","title":{"rendered":"Benig\u00e0nim.  Un \u201ccarnicero\u201d de guerra en Benig\u00e0nim: el \u201cPolaco\u201d"},"content":{"rendered":"<div class=\"wpb-content-wrapper\"><p>[vc_row css_animation=\u00bb\u00bb row_type=\u00bbrow\u00bb use_row_as_full_screen_section=\u00bbno\u00bb type=\u00bbfull_width\u00bb angled_section=\u00bbno\u00bb text_align=\u00bbleft\u00bb background_image_as_pattern=\u00bbwithout_pattern\u00bb z_index=\u00bb\u00bb css=\u00bb.vc_custom_1654538986067{padding-bottom: 50px !important;background-image: url(http:\/\/memoriademocratica.beniganim.org\/wp-content\/uploads\/2022\/06\/fons14_df.png?id=2693) !important;background-position: center !important;background-repeat: no-repeat !important;background-size: contain !important;}\u00bb el_class=\u00bb.imatge_fons\u00bb][vc_column][vc_row_inner row_type=\u00bbrow\u00bb type=\u00bbgrid\u00bb text_align=\u00bbleft\u00bb css_animation=\u00bb\u00bb padding_top=\u00bb50%\u00bb][vc_column_inner width=\u00bb1\/6&#8243; css=\u00bb.vc_custom_1647631464667{margin-right: 0px !important;margin-left: -100px !important;padding-right: 0px !important;}\u00bb offset=\u00bbvc_hidden-sm vc_hidden-xs\u00bb][vc_column_text el_class=\u00bb.num_capitol\u00bb]14[\/vc_column_text][\/vc_column_inner][vc_column_inner width=\u00bb2\/3&#8243; css=\u00bb.vc_custom_1647631470542{margin-left: -100px !important;padding-left: 0px !important;}\u00bb offset=\u00bbvc_hidden-sm vc_hidden-xs\u00bb][vc_column_text el_class=\u00bb.titol_capitol\u00bb]<\/p>\n<h1>Benig\u00e0nim<br \/>\n<span class=\"subtitol\">El \u201cPolaco\u201d: un criminal de guerra<\/span><\/h1>\n<p>[\/vc_column_text][\/vc_column_inner][vc_column_inner width=\u00bb1\/6&#8243; offset=\u00bbvc_hidden-sm vc_hidden-xs\u00bb][vc_column_text el_class=\u00bb.etiqueta_mare\u00bb]<\/p>\n<h3><\/h3>\n<h3 style=\"text-align: right;\"><span class=\"roig\">DICTADURA<\/span>FRANQUISTA<\/h3>\n<p>[\/vc_column_text][\/vc_column_inner][\/vc_row_inner][vc_row_inner row_type=\u00bbrow\u00bb type=\u00bbfull_width\u00bb text_align=\u00bbleft\u00bb css_animation=\u00bb\u00bb css=\u00bb.vc_custom_1647632187031{margin-left: 2% !important;}\u00bb][vc_column_inner offset=\u00bbvc_hidden-lg vc_hidden-md\u00bb css=\u00bb.vc_custom_1647632140819{margin-top: 50px !important;}\u00bb][vc_column_text el_class=\u00bb.num_capitol_mobile\u00bb css=\u00bb.vc_custom_1647940441761{margin-bottom: 50px !important;}\u00bb]14[\/vc_column_text][vc_column_text el_class=\u00bb.titol_capitol_mobile\u00bb]<\/p>\n<h1>Benig\u00e0nim<br \/>\n<span class=\"subtitol\">El \u201cPolaco\u201d: un criminal de guerra<\/span><\/h1>\n<p>[\/vc_column_text][vc_column_text el_class=\u00bb.etiqueta_mare\u00bb]<\/p>\n<h3 style=\"text-align: left;\"><span class=\"roig\">DICTADURA<\/span>FRANQUISTA<\/h3>\n<p>[\/vc_column_text][\/vc_column_inner][\/vc_row_inner][vc_row_inner row_type=\u00bbrow\u00bb type=\u00bbfull_width\u00bb text_align=\u00bbleft\u00bb css_animation=\u00bb\u00bb][vc_column_inner][vc_single_image image=\u00bb54&#8243; img_size=\u00bbfull\u00bb alignment=\u00bbcenter\u00bb qode_css_animation=\u00bb\u00bb][\/vc_column_inner][\/vc_row_inner][vc_row_inner row_type=\u00bbrow\u00bb type=\u00bbgrid\u00bb text_align=\u00bbleft\u00bb css_animation=\u00bb\u00bb css=\u00bb.vc_custom_1647628966339{margin-top: 30px !important;margin-right: 2% !important;margin-left: 2% !important;}\u00bb][vc_column_inner][vc_column_text]La historia de Vjekoslav Luburi\u0107 forma parte de uno de los aspectos m\u00e1s negros de la dictadura franquista: la protecci\u00f3n \u2013a pesar de sus cr\u00edmenes contra la humanidad\u2013 del fascismo europeo tras su derrota militar en la Segunda Guerra Mundial.<\/p>\n<p>Luburi\u0107 naci\u00f3 en 1913 en lo que luego fue el reino de Yugoeslavia, en los Balcanes: un estado multicultural creado tras la I Guerra Mundial para unir a la mayor\u00eda de los eslavos del sur: serbios y montenegrinos ortodoxos, eslovenos y croatas cat\u00f3licos, bosnios musulmanes\u2026 Nuestro protagonista, de etnia croata, se integr\u00f3 en los a\u00f1os 30 en el movimiento nacionalista Ustacha (<em>Usta\u0161a<\/em>), de ideolog\u00eda fascista. La invasi\u00f3n nazi de Yugoeslavia propici\u00f3 la creaci\u00f3n de un estado independiente croata, dirigido por la misma Ustacha, que desarroll\u00f3 una pol\u00edtica de limpieza \u00e9tnica (contra jud\u00edos, gitanos, bosnios musulmanes, serbios y eslovenos) e ideol\u00f3gica: contra los comunistas.<\/p>\n<p>En el campo de prisioneros de Jasenovac, uno de los m\u00e1s terror\u00edficos, se extermin\u00f3 a cientos de miles de personas. Luburi\u0107 hab\u00eda ascendido a general y fue uno de los directores de este campo. Los mismos nazis lo descalificaban en sus informes, como \u201cs\u00e1dico extremo\u201d y \u201cenfermo mental\u201d, dado que se divert\u00eda destrozando personalmente a los prisioneros con mazas; lo que le vali\u00f3 el sobrenombre de Maks \u201cEl Carnicero\u201d.<\/p>\n<p>Terminada la guerra, Luburi\u0107, como otros fascistas centroeuropeos, se aprovech\u00f3 de la red Ratline (la \u2018Ruta de las Rutas\u2019) para alcanzar \u2013con la mediaci\u00f3n y apoyo de religiosos cat\u00f3licos, especialmente franciscanos\u2013 el refugio protector de la Espa\u00f1a de Franco. No en vano, entro en Espa\u00f1a en 1947 disfrazado de fraile franciscano. Aqu\u00ed fue protegido por altas instituciones y personalidades, como Mu\u00f1oz Grandes (general de la Divisi\u00f3n Azul), Carrero Blanco y el padre franciscano Miguel Oltra (muy cercano a Franco), entre otros. Se le otorg\u00f3 una identidad falsa, la de \u201cVicente P\u00e9rez Garc\u00eda\u201d.<\/p>\n<p>Casado con Isabel Hern\u00e1iz Santisteban, hija de una familia de la burgues\u00eda vasca, se traslad\u00f3 con ella a Benig\u00e0nim, donde instal\u00f3 la granja Drina. Tuvo aqu\u00ed cuatro hijos, mientras manten\u00eda contactos, activamente y durante a\u00f1os, con la resistencia fascista croata a la Yugoslavia comunista de Tito. Goz\u00f3 para ello de la protecci\u00f3n y del favor de la Guardia Civil, y nunca se ocult\u00f3 ni vivi\u00f3 clandestinamente. Se integr\u00f3 a la perfecci\u00f3n en el pueblo: hasta hablaba en valenciano y participaba en las fiestas de moros y cristianos. Se le conoc\u00eda popularmente como \u201cdon Vicente\u201d o como \u201cel t\u00edo Polaco\u201d. Aunque su simpat\u00eda, como la de cualquier sic\u00f3pata de manual, terminaba al regresar en casa, si se atiende a la violencia machista que padecieron su esposa y sus hijos.<\/p>\n<p>Separado finalmente de Isabel, se llev\u00f3 a los hijos del matrimonio a Carcaixent, donde instal\u00f3 una imprenta, que puso al servicio de la resistencia croata. All\u00ed tambi\u00e9n se mantuvo muy pr\u00f3ximo a los franciscanos, hasta que fue asesinado (20 de abril de 1969) por el croata Ilija Stani\u0107, en extra\u00f1as circunstancias. Permanece enterrado en Carcaixent. Su tumba contin\u00faa siendo un espacio memoral\u00edstico para los fascistas.[\/vc_column_text][\/vc_column_inner][\/vc_row_inner][\/vc_column][\/vc_row][vc_row css_animation=\u00bb\u00bb row_type=\u00bbrow\u00bb use_row_as_full_screen_section=\u00bbno\u00bb type=\u00bbfull_width\u00bb angled_section=\u00bbno\u00bb text_align=\u00bbleft\u00bb background_image_as_pattern=\u00bbwithout_pattern\u00bb][vc_column][vc_masonry_media_grid element_width=\u00bb3&#8243; gap=\u00bb10&#8243; item=\u00bb263&#8243; grid_id=\u00bbvc_gid:1654680019344-3830ff4e-1b10-6&#8243; include=\u00bb1075,1077,1079,1081,1083,1085,1087,1089,1091,1093,1095,1097,1099,1101,1103,1105,1107,1109&#8243;][\/vc_column][\/vc_row]<\/p>\n<\/div>","protected":false},"excerpt":{"rendered":"<p>[vc_row css_animation=\u00bb\u00bb row_type=\u00bbrow\u00bb use_row_as_full_screen_section=\u00bbno\u00bb type=\u00bbfull_width\u00bb angled_section=\u00bbno\u00bb text_align=\u00bbleft\u00bb background_image_as_pattern=\u00bbwithout_pattern\u00bb z_index=\u00bb\u00bb css=\u00bb.vc_custom_1654538986067{padding-bottom: 50px !important;background-image: url(http:\/\/memoriademocratica.beniganim.org\/wp-content\/uploads\/2022\/06\/fons14_df.png?id=2693) !important;background-position: center !important;background-repeat: no-repeat !important;background-size: contain !important;}\u00bb el_class=\u00bb.imatge_fons\u00bb][vc_column][vc_row_inner row_type=\u00bbrow\u00bb type=\u00bbgrid\u00bb text_align=\u00bbleft\u00bb css_animation=\u00bb\u00bb padding_top=\u00bb50%\u00bb][vc_column_inner width=\u00bb1\/6&#8243; css=\u00bb.vc_custom_1647631464667{margin-right: 0px !important;margin-left: -100px !important;padding-right: 0px !important;}\u00bb offset=\u00bbvc_hidden-sm vc_hidden-xs\u00bb][vc_column_text el_class=\u00bb.num_capitol\u00bb]14[\/vc_column_text][\/vc_column_inner][vc_column_inner width=\u00bb2\/3&#8243; css=\u00bb.vc_custom_1647631470542{margin-left: -100px !important;padding-left: 0px !important;}\u00bb offset=\u00bbvc_hidden-sm vc_hidden-xs\u00bb][vc_column_text&#8230;<\/p>\n","protected":false},"author":1,"featured_media":0,"parent":0,"menu_order":0,"comment_status":"closed","ping_status":"closed","template":"full_width.php","meta":{"_monsterinsights_skip_tracking":false,"_monsterinsights_sitenote_active":false,"_monsterinsights_sitenote_note":"","_monsterinsights_sitenote_category":0,"footnotes":""},"class_list":["post-2821","page","type-page","status-publish","hentry"],"yoast_head":"<!-- This site is optimized with the Yoast SEO plugin v20.2.1 - https:\/\/yoast.com\/wordpress\/plugins\/seo\/ -->\n<title>Benig\u00e0nim. Un \u201ccarnicero\u201d de guerra en Benig\u00e0nim: el \u201cPolaco\u201d - Mem\u00f2ria Democr\u00e0tica de Benig\u00e0nim<\/title>\n<meta name=\"robots\" content=\"index, follow, max-snippet:-1, max-image-preview:large, max-video-preview:-1\" \/>\n<link rel=\"canonical\" href=\"https:\/\/memoriademocratica.beniganim.org\/es\/beniganim-un-carnisser-de-guerra-en-beniganim-el-polaco\/\" \/>\n<meta property=\"og:locale\" content=\"es_ES\" \/>\n<meta property=\"og:type\" content=\"article\" \/>\n<meta property=\"og:title\" content=\"Benig\u00e0nim. Un \u201ccarnicero\u201d de guerra en Benig\u00e0nim: el \u201cPolaco\u201d - Mem\u00f2ria Democr\u00e0tica de Benig\u00e0nim\" \/>\n<meta property=\"og:description\" content=\"[vc_row css_animation=\u00bb\u00bb row_type=\u00bbrow\u00bb use_row_as_full_screen_section=\u00bbno\u00bb type=\u00bbfull_width\u00bb angled_section=\u00bbno\u00bb text_align=\u00bbleft\u00bb background_image_as_pattern=\u00bbwithout_pattern\u00bb z_index=\u00bb\u00bb css=\u00bb.vc_custom_1654538986067{padding-bottom: 50px !important;background-image: url(http:\/\/memoriademocratica.beniganim.org\/wp-content\/uploads\/2022\/06\/fons14_df.png?id=2693) !important;background-position: center !important;background-repeat: no-repeat !important;background-size: contain !important;}\u00bb el_class=\u00bb.imatge_fons\u00bb][vc_column][vc_row_inner row_type=\u00bbrow\u00bb type=\u00bbgrid\u00bb text_align=\u00bbleft\u00bb css_animation=\u00bb\u00bb padding_top=\u00bb50%\u00bb][vc_column_inner width=\u00bb1\/6&#8243; css=\u00bb.vc_custom_1647631464667{margin-right: 0px !important;margin-left: -100px !important;padding-right: 0px !important;}\u00bb offset=\u00bbvc_hidden-sm vc_hidden-xs\u00bb][vc_column_text el_class=\u00bb.num_capitol\u00bb]14[\/vc_column_text][\/vc_column_inner][vc_column_inner width=\u00bb2\/3&#8243; css=\u00bb.vc_custom_1647631470542{margin-left: -100px !important;padding-left: 0px !important;}\u00bb offset=\u00bbvc_hidden-sm vc_hidden-xs\u00bb][vc_column_text...\" \/>\n<meta property=\"og:url\" content=\"https:\/\/memoriademocratica.beniganim.org\/es\/beniganim-un-carnisser-de-guerra-en-beniganim-el-polaco\/\" \/>\n<meta property=\"og:site_name\" content=\"Mem\u00f2ria Democr\u00e0tica de Benig\u00e0nim\" \/>\n<meta property=\"article:modified_time\" content=\"2022-06-08T09:21:26+00:00\" \/>\n<meta property=\"og:image\" content=\"https:\/\/memoriademocratica.beniganim.org\/wp-content\/uploads\/2023\/02\/logo_memoria_democratica_beniganim.png\" \/>\n\t<meta property=\"og:image:width\" content=\"700\" \/>\n\t<meta property=\"og:image:height\" content=\"120\" \/>\n\t<meta property=\"og:image:type\" content=\"image\/png\" \/>\n<meta name=\"twitter:card\" content=\"summary_large_image\" \/>\n<meta name=\"twitter:label1\" content=\"Tiempo de lectura\" \/>\n\t<meta name=\"twitter:data1\" content=\"5 minutos\" \/>\n<script type=\"application\/ld+json\" class=\"yoast-schema-graph\">{\"@context\":\"https:\/\/schema.org\",\"@graph\":[{\"@type\":\"WebPage\",\"@id\":\"https:\/\/memoriademocratica.beniganim.org\/es\/beniganim-un-carnisser-de-guerra-en-beniganim-el-polaco\/\",\"url\":\"https:\/\/memoriademocratica.beniganim.org\/es\/beniganim-un-carnisser-de-guerra-en-beniganim-el-polaco\/\",\"name\":\"Benig\u00e0nim. Un \u201ccarnicero\u201d de guerra en Benig\u00e0nim: el \u201cPolaco\u201d - Mem\u00f2ria Democr\u00e0tica de Benig\u00e0nim\",\"isPartOf\":{\"@id\":\"https:\/\/memoriademocratica.beniganim.org\/es\/#website\"},\"datePublished\":\"2022-03-22T09:11:37+00:00\",\"dateModified\":\"2022-06-08T09:21:26+00:00\",\"breadcrumb\":{\"@id\":\"https:\/\/memoriademocratica.beniganim.org\/es\/beniganim-un-carnisser-de-guerra-en-beniganim-el-polaco\/#breadcrumb\"},\"inLanguage\":\"es\",\"potentialAction\":[{\"@type\":\"ReadAction\",\"target\":[\"https:\/\/memoriademocratica.beniganim.org\/es\/beniganim-un-carnisser-de-guerra-en-beniganim-el-polaco\/\"]}]},{\"@type\":\"BreadcrumbList\",\"@id\":\"https:\/\/memoriademocratica.beniganim.org\/es\/beniganim-un-carnisser-de-guerra-en-beniganim-el-polaco\/#breadcrumb\",\"itemListElement\":[{\"@type\":\"ListItem\",\"position\":1,\"name\":\"Inici\",\"item\":\"https:\/\/memoriademocratica.beniganim.org\/es\/\"},{\"@type\":\"ListItem\",\"position\":2,\"name\":\"Benig\u00e0nim. Un \u201ccarnicero\u201d de guerra en Benig\u00e0nim: el \u201cPolaco\u201d\"}]},{\"@type\":\"WebSite\",\"@id\":\"https:\/\/memoriademocratica.beniganim.org\/es\/#website\",\"url\":\"https:\/\/memoriademocratica.beniganim.org\/es\/\",\"name\":\"Mem\u00f2ria Democr\u00e0tica de Benig\u00e0nim\",\"description\":\"Arxiu de la paraula i la imatge\",\"publisher\":{\"@id\":\"https:\/\/memoriademocratica.beniganim.org\/es\/#organization\"},\"potentialAction\":[{\"@type\":\"SearchAction\",\"target\":{\"@type\":\"EntryPoint\",\"urlTemplate\":\"https:\/\/memoriademocratica.beniganim.org\/es\/?s={search_term_string}\"},\"query-input\":\"required name=search_term_string\"}],\"inLanguage\":\"es\"},{\"@type\":\"Organization\",\"@id\":\"https:\/\/memoriademocratica.beniganim.org\/es\/#organization\",\"name\":\"Mem\u00f2ria democr\u00e0tica de Benig\u00e0nim\",\"url\":\"https:\/\/memoriademocratica.beniganim.org\/es\/\",\"logo\":{\"@type\":\"ImageObject\",\"inLanguage\":\"es\",\"@id\":\"https:\/\/memoriademocratica.beniganim.org\/es\/#\/schema\/logo\/image\/\",\"url\":\"https:\/\/memoriademocratica.beniganim.org\/wp-content\/uploads\/2023\/02\/logo_memoria_democratica_beniganim.png\",\"contentUrl\":\"https:\/\/memoriademocratica.beniganim.org\/wp-content\/uploads\/2023\/02\/logo_memoria_democratica_beniganim.png\",\"width\":700,\"height\":120,\"caption\":\"Mem\u00f2ria democr\u00e0tica de Benig\u00e0nim\"},\"image\":{\"@id\":\"https:\/\/memoriademocratica.beniganim.org\/es\/#\/schema\/logo\/image\/\"}}]}<\/script>\n<!-- \/ Yoast SEO plugin. -->","yoast_head_json":{"title":"Benig\u00e0nim. Un \u201ccarnicero\u201d de guerra en Benig\u00e0nim: el \u201cPolaco\u201d - Mem\u00f2ria Democr\u00e0tica de Benig\u00e0nim","robots":{"index":"index","follow":"follow","max-snippet":"max-snippet:-1","max-image-preview":"max-image-preview:large","max-video-preview":"max-video-preview:-1"},"canonical":"https:\/\/memoriademocratica.beniganim.org\/es\/beniganim-un-carnisser-de-guerra-en-beniganim-el-polaco\/","og_locale":"es_ES","og_type":"article","og_title":"Benig\u00e0nim. Un \u201ccarnicero\u201d de guerra en Benig\u00e0nim: el \u201cPolaco\u201d - Mem\u00f2ria Democr\u00e0tica de Benig\u00e0nim","og_description":"[vc_row css_animation=\u00bb\u00bb row_type=\u00bbrow\u00bb use_row_as_full_screen_section=\u00bbno\u00bb type=\u00bbfull_width\u00bb angled_section=\u00bbno\u00bb text_align=\u00bbleft\u00bb background_image_as_pattern=\u00bbwithout_pattern\u00bb z_index=\u00bb\u00bb css=\u00bb.vc_custom_1654538986067{padding-bottom: 50px !important;background-image: url(http:\/\/memoriademocratica.beniganim.org\/wp-content\/uploads\/2022\/06\/fons14_df.png?id=2693) !important;background-position: center !important;background-repeat: no-repeat !important;background-size: contain !important;}\u00bb el_class=\u00bb.imatge_fons\u00bb][vc_column][vc_row_inner row_type=\u00bbrow\u00bb type=\u00bbgrid\u00bb text_align=\u00bbleft\u00bb css_animation=\u00bb\u00bb padding_top=\u00bb50%\u00bb][vc_column_inner width=\u00bb1\/6&#8243; css=\u00bb.vc_custom_1647631464667{margin-right: 0px !important;margin-left: -100px !important;padding-right: 0px !important;}\u00bb offset=\u00bbvc_hidden-sm vc_hidden-xs\u00bb][vc_column_text el_class=\u00bb.num_capitol\u00bb]14[\/vc_column_text][\/vc_column_inner][vc_column_inner width=\u00bb2\/3&#8243; css=\u00bb.vc_custom_1647631470542{margin-left: -100px !important;padding-left: 0px !important;}\u00bb offset=\u00bbvc_hidden-sm vc_hidden-xs\u00bb][vc_column_text...","og_url":"https:\/\/memoriademocratica.beniganim.org\/es\/beniganim-un-carnisser-de-guerra-en-beniganim-el-polaco\/","og_site_name":"Mem\u00f2ria Democr\u00e0tica de Benig\u00e0nim","article_modified_time":"2022-06-08T09:21:26+00:00","og_image":[{"width":700,"height":120,"url":"https:\/\/memoriademocratica.beniganim.org\/wp-content\/uploads\/2023\/02\/logo_memoria_democratica_beniganim.png","type":"image\/png"}],"twitter_card":"summary_large_image","twitter_misc":{"Tiempo de lectura":"5 minutos"},"schema":{"@context":"https:\/\/schema.org","@graph":[{"@type":"WebPage","@id":"https:\/\/memoriademocratica.beniganim.org\/es\/beniganim-un-carnisser-de-guerra-en-beniganim-el-polaco\/","url":"https:\/\/memoriademocratica.beniganim.org\/es\/beniganim-un-carnisser-de-guerra-en-beniganim-el-polaco\/","name":"Benig\u00e0nim. Un \u201ccarnicero\u201d de guerra en Benig\u00e0nim: el \u201cPolaco\u201d - Mem\u00f2ria Democr\u00e0tica de Benig\u00e0nim","isPartOf":{"@id":"https:\/\/memoriademocratica.beniganim.org\/es\/#website"},"datePublished":"2022-03-22T09:11:37+00:00","dateModified":"2022-06-08T09:21:26+00:00","breadcrumb":{"@id":"https:\/\/memoriademocratica.beniganim.org\/es\/beniganim-un-carnisser-de-guerra-en-beniganim-el-polaco\/#breadcrumb"},"inLanguage":"es","potentialAction":[{"@type":"ReadAction","target":["https:\/\/memoriademocratica.beniganim.org\/es\/beniganim-un-carnisser-de-guerra-en-beniganim-el-polaco\/"]}]},{"@type":"BreadcrumbList","@id":"https:\/\/memoriademocratica.beniganim.org\/es\/beniganim-un-carnisser-de-guerra-en-beniganim-el-polaco\/#breadcrumb","itemListElement":[{"@type":"ListItem","position":1,"name":"Inici","item":"https:\/\/memoriademocratica.beniganim.org\/es\/"},{"@type":"ListItem","position":2,"name":"Benig\u00e0nim. Un \u201ccarnicero\u201d de guerra en Benig\u00e0nim: el \u201cPolaco\u201d"}]},{"@type":"WebSite","@id":"https:\/\/memoriademocratica.beniganim.org\/es\/#website","url":"https:\/\/memoriademocratica.beniganim.org\/es\/","name":"Mem\u00f2ria Democr\u00e0tica de Benig\u00e0nim","description":"Arxiu de la paraula i la imatge","publisher":{"@id":"https:\/\/memoriademocratica.beniganim.org\/es\/#organization"},"potentialAction":[{"@type":"SearchAction","target":{"@type":"EntryPoint","urlTemplate":"https:\/\/memoriademocratica.beniganim.org\/es\/?s={search_term_string}"},"query-input":"required name=search_term_string"}],"inLanguage":"es"},{"@type":"Organization","@id":"https:\/\/memoriademocratica.beniganim.org\/es\/#organization","name":"Mem\u00f2ria democr\u00e0tica de Benig\u00e0nim","url":"https:\/\/memoriademocratica.beniganim.org\/es\/","logo":{"@type":"ImageObject","inLanguage":"es","@id":"https:\/\/memoriademocratica.beniganim.org\/es\/#\/schema\/logo\/image\/","url":"https:\/\/memoriademocratica.beniganim.org\/wp-content\/uploads\/2023\/02\/logo_memoria_democratica_beniganim.png","contentUrl":"https:\/\/memoriademocratica.beniganim.org\/wp-content\/uploads\/2023\/02\/logo_memoria_democratica_beniganim.png","width":700,"height":120,"caption":"Mem\u00f2ria democr\u00e0tica de Benig\u00e0nim"},"image":{"@id":"https:\/\/memoriademocratica.beniganim.org\/es\/#\/schema\/logo\/image\/"}}]}},"_links":{"self":[{"href":"https:\/\/memoriademocratica.beniganim.org\/es\/wp-json\/wp\/v2\/pages\/2821","targetHints":{"allow":["GET"]}}],"collection":[{"href":"https:\/\/memoriademocratica.beniganim.org\/es\/wp-json\/wp\/v2\/pages"}],"about":[{"href":"https:\/\/memoriademocratica.beniganim.org\/es\/wp-json\/wp\/v2\/types\/page"}],"author":[{"embeddable":true,"href":"https:\/\/memoriademocratica.beniganim.org\/es\/wp-json\/wp\/v2\/users\/1"}],"replies":[{"embeddable":true,"href":"https:\/\/memoriademocratica.beniganim.org\/es\/wp-json\/wp\/v2\/comments?post=2821"}],"version-history":[{"count":7,"href":"https:\/\/memoriademocratica.beniganim.org\/es\/wp-json\/wp\/v2\/pages\/2821\/revisions"}],"predecessor-version":[{"id":2934,"href":"https:\/\/memoriademocratica.beniganim.org\/es\/wp-json\/wp\/v2\/pages\/2821\/revisions\/2934"}],"wp:attachment":[{"href":"https:\/\/memoriademocratica.beniganim.org\/es\/wp-json\/wp\/v2\/media?parent=2821"}],"curies":[{"name":"wp","href":"https:\/\/api.w.org\/{rel}","templated":true}]}}