{"id":3933,"date":"2022-09-19T13:10:42","date_gmt":"2022-09-19T11:10:42","guid":{"rendered":"https:\/\/memoriademocratica.beniganim.org\/bibliografia\/"},"modified":"2022-09-19T13:26:14","modified_gmt":"2022-09-19T11:26:14","slug":"bibliografia","status":"publish","type":"page","link":"https:\/\/memoriademocratica.beniganim.org\/es\/bibliografia\/","title":{"rendered":"Bibliograf\u00eda"},"content":{"rendered":"<div class=\"wpb-content-wrapper\"><p>[vc_row css_animation=\u00bb\u00bb row_type=\u00bbrow\u00bb use_row_as_full_screen_section=\u00bbno\u00bb type=\u00bbfull_width\u00bb angled_section=\u00bbno\u00bb text_align=\u00bbleft\u00bb background_image_as_pattern=\u00bbwithout_pattern\u00bb css=\u00bb.vc_custom_1663584930705{margin-bottom: 50px !important;}\u00bb z_index=\u00bb\u00bb][vc_column][vc_column_text]<\/p>\n<h2><strong>BIBLIOGRAF\u00cdA B\u00c1SICA<\/strong><\/h2>\n<p>Abd\u00f3n Mateos: <em>Historia del antifranquismo. Historia, interpretaci\u00f3n y uso del pasado<\/em>, Barcelona, Flor del Viento, 2011.<\/p>\n<p>Alicia Alted Vigil: <em>La voz de los vencidos. El exilio republicano de 1939<\/em>, Madrid, Aguilar, 2005.<\/p>\n<p>\u00c1ngel VI\u00d1AS: <em>La otra cara del caudillo. Mitos y realidades en la biograf\u00eda de Franco<\/em>, Barcelona, Cr\u00edtica, 2015.<\/p>\n<p>\u00c1ngel Vi\u00f1as (ed.): <em>En el combate por la historia. La Rep\u00fablica, la Guerra Civil, el franquismo<\/em>, Barcelona, Pasado&amp;Presente, 2020.<\/p>\n<p>Anthony BEEVOR: <em>La Guerra Civil espa\u00f1ola<\/em>, Barcelona, Cr\u00edtica, 2021 [1\u00aa ed. 2005].<\/p>\n<p>Borja de Riquer: <em>La dictadura de Franco<\/em>, en Josep FONTANA i Ram\u00f3n VILLARES: <em>Historia de Espa\u00f1a<\/em>, Barcelona, Cr\u00edtica-Marcial Pons, 2010, vol. 9.<\/p>\n<p>Carme Molinero i Pere Ys\u00e0s: <em>La anatom\u00eda del franquismo. De la supervivencia a la agon\u00eda, 1945-1977<\/em>, Barcelona, Cr\u00edtica, 2008.<\/p>\n<p>Dami\u00e1n Alberto GONZ\u00c1LEZ MADRID i Manuel ORTIZ HERAS (coord.): <em>Violencia franquista y gesti\u00f3n del pasado traum\u00e1tico<\/em>, Madrid, Silex, 2021.<\/p>\n<p>Enrique Moradiellos: <em>1936. Los mitos de la Guerra Civil<\/em>, Barcelona, Pen\u00ednsula, 2008.<\/p>\n<p>&#8212;<em>Historia m\u00ednima de la Guerra Civil espa\u00f1ola, <\/em>Madrid, Turner, 2016.<\/p>\n<p>&#8211;<em>La Espa\u00f1a de Franco (1939-1975). Pol\u00edtica y sociedad<\/em>, Madrid, S\u00edntesis, 2000.<\/p>\n<p>Gabriel JACKSON: <em>La Rep\u00fablica y la Guerra Civil<\/em>, Barcelona, Cr\u00edtica, 2019.<\/p>\n<p>Helen GRAHAM: <em>Breve historia de la Guerra Civil<\/em>, Madrid, Espasa Calpe, 2009 [3\u00aa ed.].<\/p>\n<p>Javier Rodrigo, <em>Cautivos: Campos de concentraci\u00f3n en la Espa\u00f1a franquista, 1936-1947<\/em>, Barcelona, Cr\u00edtica, 2005.<\/p>\n<p>Jes\u00fas de ANDR\u00c9S: <em>Atlas Ilustrado de la Guerra Civil Espa\u00f1ola<\/em>, Madrid, Susaeta, 2005.<\/p>\n<p>Joan Maria Thom\u00e0s, <em>La Falange de Franco<\/em>, Barcelona, Plaza y Jan\u00e9s, 2001.<\/p>\n<p>Jos\u00e9 BABIANO, Gutmaro G\u00d3MEZ, Antonio M\u00edguez i Javier T\u00c9BAR: <em>Verdugos impunes. El franquismo y la violaci\u00f3n sist\u00e9mica de los Derechos Humanos<\/em>, Barcelona, Pasado&amp;Presente, 2017.<\/p>\n<p>Juan Jos\u00e9 del \u00c1guila De La Torre: <em>El TOP: La represi\u00f3n de la libertad (1963-1977)<\/em>, Barcelona, Planeta, 2001.<\/p>\n<p>Juli\u00e1n Casanova (coord.), <em>40 a\u00f1os con Franco<\/em>, Barcelona, Cr\u00edtica, 2015.<\/p>\n<p>Juli\u00e1n CASANOVA: <em>Espa\u00f1a partida en dos: breve historia de la Guerra Civil<\/em>, Barcelona, Cr\u00edtica, 2022 [1\u00aa ed. 2013]<\/p>\n<p>&#8211; \u201cRep\u00fablica y Guerra Civil\u201d, en Josep FONTANA i Ram\u00f3n VILLARES: <em>Historia de Espa\u00f1a<\/em>, Barcelona, Cr\u00edtica-Marcial Pons, 2010, vol. 8.<\/p>\n<p>Julio Ar\u00f3stegui (coord.), <em>Franco: la represi\u00f3n como sistema<\/em>, Barcelona, Flor del Viento, 2012.<\/p>\n<p>Manuel Ortiz Heras i Dami\u00e1n A. Gonz\u00e1lez (coords.): <em>De la cruzada al desenganche: la Iglesia espa\u00f1ola entre el franquismo y la transici\u00f3n<\/em>, Madrid, S\u00edlex, 2011.<\/p>\n<p>Mary Nash (ed.), <em>Represi\u00f3n, resistencias y memoria. Las mujeres bajo la dictadura franquista<\/em>, Granada, Comares, 2013.<\/p>\n<p>Mirta N\u00fa\u00f1ez D\u00edaz-Balart (coord.): <em>La gran represi\u00f3n. Los a\u00f1os de plomo del franquismo<\/em>, Barcelona, Flor del Viento, 2009.<\/p>\n<p>Paul PRESTON: <em>La Guerra Civil espa\u00f1ola<\/em>, Barcelona, Debolsillo, 2017.<\/p>\n<p>&#8212;<em>El Holocausto espa\u00f1ol. Odio y exterminio en la Guerra Civil y despu\u00e9s<\/em>, Barcelona, Debate, 2011.<\/p>\n<p>&#8212;<em>Franco. Caudillo de Espa\u00f1a<\/em>, Barcelona, Grijalbo, 1994 [4\u00aa ed.]<\/p>\n<p>Rafael ABELLA: La<em> vida cotidiana durante la Guerra Civil: la Espa\u00f1a Republicana<\/em>, Barcelona, Planeta, 2004.<\/p>\n<p>&#8211;<em>Vida cotidiana bajo el r\u00e9gimen de Franco<\/em>, Madrid, Temas de Hoy, 1996.<\/p>\n<p>Rosario Ruiz Franco: <em>\u00bfEternas menores? Las mujeres en el franquismo<\/em>, Madrid, Biblioteca Nueva, 2007.<\/p>\n<p>Santos JULI\u00c0 (coord): <em>V\u00edctimas de la Guerra Civil<\/em>, Barcelona, Planeta deAgostini, 2005, [1\u00aa ed. 1999]<\/p>\n<p>&nbsp;<\/p>\n<h3><strong>Pa\u00eds Valenci\u00e0<\/strong><\/h3>\n<p>Antonio CALZADO ALDARIA: \u201cLa Guerra Civil des del Pa\u00eds Valenci\u00e0: un balan\u00e7 historiogr\u00e0fic, 2007-2017\u201d, <em>Afers<\/em>, 92 (2019), pp. 107-127.<\/p>\n<p>Albert GIRONA I ALBUIXECH i Jos\u00e9 Miguel SANTACREU (eds.): <em>La Guerra Civil en la Comunidad Valenciana<\/em>, Val\u00e8ncia, Prensa Valenciana, 2006-2007, 18 vols.<\/p>\n<p>Aureli Mart\u00ed Bataller (ed.): <em>Hist\u00f2ria de la Segona Rep\u00fablica al Pa\u00eds Valenci\u00e0<\/em>, Val\u00e8ncia, Ed. Alfons el Magn\u00e0nim, 2022.<\/p>\n<p>Carmen AGULL\u00d3 i Jos\u00e9 Manuel FERN\u00c1NDEZ SORIA: <em>Maestros valencianos bajo el franquismo: la depuraci\u00f3n del Magisterio: 1939-1944<\/em>, Val\u00e8ncia, Instituci\u00f3 Alfons el Magn\u00e0nim, 1999.<\/p>\n<p>Edelmir GALD\u00d3N CASANOVES: <em>La batalla por Valencia: una victoria defensiva<\/em>, Val\u00e8ncia, PUV, 2010.<\/p>\n<p>Eladi MAINAR CABANES, Robert LLOPIS i Jos\u00e9 Miguel SANTACREU: <em>La agon\u00eda de la II Rep\u00fablica: del golpe de Casado al final de la guerra<\/em>, Simat de la Valldigna, La Xara, 2014.<\/p>\n<p>Javier NAVARRO i Albert GIRONA I ALBUIXECH (eds.): <em>Fa setanta anys. La Guerra Civil al Pa\u00eds Valenci\u00e0 (1936-1939)<\/em>, Val\u00e8ncia, PUV, 2009.<\/p>\n<p>Javier NAVARRO i Sergio VALERO (ed.): <em>Y Valencia fue capital de Espa\u00f1a<\/em>, Val\u00e8ncia, Ed. Tirant Humanidades, 2020, 2 vols.<\/p>\n<p>Juan Carlos COLOMER i Ricard C. TORRES FABRA: <em>La Guerra Civil (1936-1939). Una s\u00edntesis a ocho d\u00e9cadas de su comienzo<\/em>, Val\u00e8ncia, La Xara, 2016.<\/p>\n<p>Miguel ASENSI: <em>Las Milicias valencianas en la Guerra Civil, 1936-1937<\/em>, Val\u00e8ncia, Diputaci\u00f3 de Val\u00e8ncia, 2021.<\/p>\n<p>Rafael ARACIL i Joan VILLARROYA: <em>El Pa\u00eds Valenci\u00e0 sota les bombes (1936-1939)<\/em>, Val\u00e8ncia, PUV, 2010.<\/p>\n<p>Vicent GABARDA CEBELL\u00c1N: <em>El cost hum\u00e0 de la repressi\u00f3 al Pa\u00eds Valenci\u00e0 (1936-1956)<\/em>, Val\u00e8ncia, Instituci\u00f3 Alfons el Magn\u00e0nim-PUV, 2020.<\/p>\n<p>Vicent GABARDA CEBELL\u00c1N (dir.): <em>Violencia, conceptualizaci\u00f3n, memoria, represi\u00f3n, estudios, monumentalizaci\u00f3n, exhumaciones. Valencia, 1936-2020<\/em>, Val\u00e8ncia, Diputaci\u00f3 de Val\u00e8ncia, 2021.<\/p>\n<p>&nbsp;<\/p>\n<h3><strong>La Vall d\u2019Albaida<\/strong><\/h3>\n<p>Abel SOLER: <em>Albaida, 1931-1949. Rep\u00fablica, revoluci\u00f3 social i repressi\u00f3 franquista<\/em>, Val\u00e8ncia, Ajuntament d\u2019Albaida-Memorial Democr\u00e0tic-Vall d\u2019Albaida, 2020.<\/p>\n<p>Antonio CALZADO ALDARIA: <em>Entre la nit i el marasme: La Vall d\u2019Albaida, 1939-1952<\/em>, Alzira, Germania, 2005.<\/p>\n<p>&#8211; <em>Segunda Rep\u00fablica y Guerra Civil: la Vall d\u2019Albaida, 1931-1939<\/em>, Ontinyent, Associaci\u00f3 de Ve\u00efns El Llombo, 2012<\/p>\n<p>Aureli MART\u00cd BATALLER: <em>Moviment obrer i identitat a la Vall d\u2019Albaida (c. 1890-1939). Classe, g\u00e8nere i naci\u00f3, <\/em>Ontinyent, IEVA, 2021.<\/p>\n<p>Carles SENSO <em>et al<\/em>. (coord.): <em>La derrota perp\u00e8tua. La Vall d\u2019Albaida, la Costera i la Canal de Navarr\u00e9s als camps nazis<\/em>, Alzira, Reclam Editorial, 2018.<\/p>\n<p>Carmen AGULL\u00d3 D\u00cdAZ: <em>Escola i Rep\u00fablica: la Vall d\u2019Albaida, 1931-1939<\/em>, Val\u00e8ncia, Diputaci\u00f3 de Val\u00e8ncia, 1994.<\/p>\n<p>Carmen AGULL\u00d3 D\u00cdAZ, Vicent ESP\u00cd ESP\u00cd i Emili Juan SORIANO: <em>Mem\u00f2ria de la Utopia: CCOO de la Vall d\u2019Albaida<\/em>, Benicull del X\u00faquer, 7 i Mig, 2001.<\/p>\n<p>Guillem LLIN LLOPIS: <em>Mort i repressi\u00f3 a Ontinyent (1936-1944)<\/em>. <em>Segona edici\u00f3, corregida i augmentada<\/em>, Ontinyent, Associaci\u00f3 de Ve\u00efns el Llombo, 2016.<\/p>\n<p>Josep GANDIA CALABUIG: <em>Rep\u00fablica i guerra. Els papers in\u00e8dits de la revoluci\u00f3<\/em>, Ontinyent, Associaci\u00f3 de Ve\u00efns El Llombo, 2013.<\/p>\n<p>Josep Marius CLIMENT: <em>El treball esclau durant el franquisme: la Vall d\u2019Albaida (1938-1947)<\/em>, Val\u00e8ncia, PUV, 2016.<\/p>\n<p>Mar\u00eda Jes\u00fas P\u00c9REZ ESP\u00cd: <em>La repressi\u00f3 franquista a Llutxent, 1939-1944<\/em>, Val\u00e8ncia, Ajuntament de Llutxent-Generalitat Valenciana, 2018.<\/p>\n<p>&nbsp;<\/p>\n<h3><strong>Referencias generales<\/strong><\/h3>\n<p>Actes del Congr\u00e9s d\u2019Estudis de la Vall d\u2019Albaida: I (1996); II (2009); III (2010, DVD), IV (2014)<\/p>\n<p>Bibliografia sobre Ontinyent en A. Calzado Aldaria: <em>Ontinyent, 1939-1969<\/em>, Associaci\u00f3 de Ve\u00efns El Llombo, Ontinyent: 2017, pp. 88-96.<\/p>\n<p>Monografies: Aielo de Malferit, Aielo de Rugat, Atzeneta d\u2019Albaida, B\u00e8lgida, Bell\u00fas, Benicolet, Benissoda, Bocairent, Bufali, Carr\u00edcola, Castell\u00f3 de Rugat, Guadass\u00e9quies, Montaverner, Otos, la Pobla del Duc, el R\u00e0fol de Salem, Pinet, Rugat, Salem, Sant Pere d\u2019Albaida y Terrateig.<\/p>\n<p>Publicacions de la Biblioteca Quatretondenca<\/p>\n<p>Revista Alba. Revista d\u2019Estudis Comarcals de la Vall d\u2019Albaida. \u00cdndices consultables en <a href=\"http:\/\/www.dialnet.unirioja.es\">www.dialnet.unirioja.es<\/a><\/p>\n<p>Revista Almaig. Se pueden descargar los n\u00fameros haste el 2020 en <a href=\"http:\/\/www.lanostraterra.es\">www.lanostraterra.es<\/a>[\/vc_column_text][\/vc_column][\/vc_row]<\/p>\n<\/div>","protected":false},"excerpt":{"rendered":"<p>[vc_row css_animation=\u00bb\u00bb row_type=\u00bbrow\u00bb use_row_as_full_screen_section=\u00bbno\u00bb type=\u00bbfull_width\u00bb angled_section=\u00bbno\u00bb text_align=\u00bbleft\u00bb background_image_as_pattern=\u00bbwithout_pattern\u00bb css=\u00bb.vc_custom_1663584930705{margin-bottom: 50px !important;}\u00bb z_index=\u00bb\u00bb][vc_column][vc_column_text] BIBLIOGRAF\u00cdA B\u00c1SICA Abd\u00f3n Mateos: Historia del antifranquismo. Historia, interpretaci\u00f3n y uso del pasado, Barcelona, Flor del Viento, 2011. Alicia Alted Vigil: La voz de los vencidos. El exilio republicano de 1939, Madrid, Aguilar,&#8230;<\/p>\n","protected":false},"author":1,"featured_media":0,"parent":0,"menu_order":0,"comment_status":"closed","ping_status":"closed","template":"","meta":{"_monsterinsights_skip_tracking":false,"_monsterinsights_sitenote_active":false,"_monsterinsights_sitenote_note":"","_monsterinsights_sitenote_category":0,"footnotes":""},"class_list":["post-3933","page","type-page","status-publish","hentry"],"yoast_head":"<!-- This site is optimized with the Yoast SEO plugin v20.2.1 - https:\/\/yoast.com\/wordpress\/plugins\/seo\/ -->\n<title>Bibliograf\u00eda - Mem\u00f2ria Democr\u00e0tica de Benig\u00e0nim<\/title>\n<meta name=\"robots\" content=\"index, follow, max-snippet:-1, max-image-preview:large, max-video-preview:-1\" \/>\n<link rel=\"canonical\" href=\"https:\/\/memoriademocratica.beniganim.org\/es\/bibliografia\/\" \/>\n<meta property=\"og:locale\" content=\"es_ES\" \/>\n<meta property=\"og:type\" content=\"article\" \/>\n<meta property=\"og:title\" content=\"Bibliograf\u00eda - Mem\u00f2ria Democr\u00e0tica de Benig\u00e0nim\" \/>\n<meta property=\"og:description\" content=\"[vc_row css_animation=\u00bb\u00bb row_type=\u00bbrow\u00bb use_row_as_full_screen_section=\u00bbno\u00bb type=\u00bbfull_width\u00bb angled_section=\u00bbno\u00bb text_align=\u00bbleft\u00bb background_image_as_pattern=\u00bbwithout_pattern\u00bb css=\u00bb.vc_custom_1663584930705{margin-bottom: 50px !important;}\u00bb z_index=\u00bb\u00bb][vc_column][vc_column_text] BIBLIOGRAF\u00cdA B\u00c1SICA Abd\u00f3n Mateos: Historia del antifranquismo. Historia, interpretaci\u00f3n y uso del pasado, Barcelona, Flor del Viento, 2011. Alicia Alted Vigil: La voz de los vencidos. El exilio republicano de 1939, Madrid, Aguilar,...\" \/>\n<meta property=\"og:url\" content=\"https:\/\/memoriademocratica.beniganim.org\/es\/bibliografia\/\" \/>\n<meta property=\"og:site_name\" content=\"Mem\u00f2ria Democr\u00e0tica de Benig\u00e0nim\" \/>\n<meta property=\"article:modified_time\" content=\"2022-09-19T11:26:14+00:00\" \/>\n<meta property=\"og:image\" content=\"https:\/\/memoriademocratica.beniganim.org\/wp-content\/uploads\/2023\/02\/logo_memoria_democratica_beniganim.png\" \/>\n\t<meta property=\"og:image:width\" content=\"700\" \/>\n\t<meta property=\"og:image:height\" content=\"120\" \/>\n\t<meta property=\"og:image:type\" content=\"image\/png\" \/>\n<meta name=\"twitter:card\" content=\"summary_large_image\" \/>\n<meta name=\"twitter:label1\" content=\"Tiempo de lectura\" \/>\n\t<meta name=\"twitter:data1\" content=\"6 minutos\" \/>\n<script type=\"application\/ld+json\" class=\"yoast-schema-graph\">{\"@context\":\"https:\/\/schema.org\",\"@graph\":[{\"@type\":\"WebPage\",\"@id\":\"https:\/\/memoriademocratica.beniganim.org\/es\/bibliografia\/\",\"url\":\"https:\/\/memoriademocratica.beniganim.org\/es\/bibliografia\/\",\"name\":\"Bibliograf\u00eda - Mem\u00f2ria Democr\u00e0tica de Benig\u00e0nim\",\"isPartOf\":{\"@id\":\"https:\/\/memoriademocratica.beniganim.org\/es\/#website\"},\"datePublished\":\"2022-09-19T11:10:42+00:00\",\"dateModified\":\"2022-09-19T11:26:14+00:00\",\"breadcrumb\":{\"@id\":\"https:\/\/memoriademocratica.beniganim.org\/es\/bibliografia\/#breadcrumb\"},\"inLanguage\":\"es\",\"potentialAction\":[{\"@type\":\"ReadAction\",\"target\":[\"https:\/\/memoriademocratica.beniganim.org\/es\/bibliografia\/\"]}]},{\"@type\":\"BreadcrumbList\",\"@id\":\"https:\/\/memoriademocratica.beniganim.org\/es\/bibliografia\/#breadcrumb\",\"itemListElement\":[{\"@type\":\"ListItem\",\"position\":1,\"name\":\"Inici\",\"item\":\"https:\/\/memoriademocratica.beniganim.org\/es\/\"},{\"@type\":\"ListItem\",\"position\":2,\"name\":\"Bibliograf\u00eda\"}]},{\"@type\":\"WebSite\",\"@id\":\"https:\/\/memoriademocratica.beniganim.org\/es\/#website\",\"url\":\"https:\/\/memoriademocratica.beniganim.org\/es\/\",\"name\":\"Mem\u00f2ria Democr\u00e0tica de Benig\u00e0nim\",\"description\":\"Arxiu de la paraula i la imatge\",\"publisher\":{\"@id\":\"https:\/\/memoriademocratica.beniganim.org\/es\/#organization\"},\"potentialAction\":[{\"@type\":\"SearchAction\",\"target\":{\"@type\":\"EntryPoint\",\"urlTemplate\":\"https:\/\/memoriademocratica.beniganim.org\/es\/?s={search_term_string}\"},\"query-input\":\"required name=search_term_string\"}],\"inLanguage\":\"es\"},{\"@type\":\"Organization\",\"@id\":\"https:\/\/memoriademocratica.beniganim.org\/es\/#organization\",\"name\":\"Mem\u00f2ria democr\u00e0tica de Benig\u00e0nim\",\"url\":\"https:\/\/memoriademocratica.beniganim.org\/es\/\",\"logo\":{\"@type\":\"ImageObject\",\"inLanguage\":\"es\",\"@id\":\"https:\/\/memoriademocratica.beniganim.org\/es\/#\/schema\/logo\/image\/\",\"url\":\"https:\/\/memoriademocratica.beniganim.org\/wp-content\/uploads\/2023\/02\/logo_memoria_democratica_beniganim.png\",\"contentUrl\":\"https:\/\/memoriademocratica.beniganim.org\/wp-content\/uploads\/2023\/02\/logo_memoria_democratica_beniganim.png\",\"width\":700,\"height\":120,\"caption\":\"Mem\u00f2ria democr\u00e0tica de Benig\u00e0nim\"},\"image\":{\"@id\":\"https:\/\/memoriademocratica.beniganim.org\/es\/#\/schema\/logo\/image\/\"}}]}<\/script>\n<!-- \/ Yoast SEO plugin. -->","yoast_head_json":{"title":"Bibliograf\u00eda - Mem\u00f2ria Democr\u00e0tica de Benig\u00e0nim","robots":{"index":"index","follow":"follow","max-snippet":"max-snippet:-1","max-image-preview":"max-image-preview:large","max-video-preview":"max-video-preview:-1"},"canonical":"https:\/\/memoriademocratica.beniganim.org\/es\/bibliografia\/","og_locale":"es_ES","og_type":"article","og_title":"Bibliograf\u00eda - Mem\u00f2ria Democr\u00e0tica de Benig\u00e0nim","og_description":"[vc_row css_animation=\u00bb\u00bb row_type=\u00bbrow\u00bb use_row_as_full_screen_section=\u00bbno\u00bb type=\u00bbfull_width\u00bb angled_section=\u00bbno\u00bb text_align=\u00bbleft\u00bb background_image_as_pattern=\u00bbwithout_pattern\u00bb css=\u00bb.vc_custom_1663584930705{margin-bottom: 50px !important;}\u00bb z_index=\u00bb\u00bb][vc_column][vc_column_text] BIBLIOGRAF\u00cdA B\u00c1SICA Abd\u00f3n Mateos: Historia del antifranquismo. Historia, interpretaci\u00f3n y uso del pasado, Barcelona, Flor del Viento, 2011. Alicia Alted Vigil: La voz de los vencidos. El exilio republicano de 1939, Madrid, Aguilar,...","og_url":"https:\/\/memoriademocratica.beniganim.org\/es\/bibliografia\/","og_site_name":"Mem\u00f2ria Democr\u00e0tica de Benig\u00e0nim","article_modified_time":"2022-09-19T11:26:14+00:00","og_image":[{"width":700,"height":120,"url":"https:\/\/memoriademocratica.beniganim.org\/wp-content\/uploads\/2023\/02\/logo_memoria_democratica_beniganim.png","type":"image\/png"}],"twitter_card":"summary_large_image","twitter_misc":{"Tiempo de lectura":"6 minutos"},"schema":{"@context":"https:\/\/schema.org","@graph":[{"@type":"WebPage","@id":"https:\/\/memoriademocratica.beniganim.org\/es\/bibliografia\/","url":"https:\/\/memoriademocratica.beniganim.org\/es\/bibliografia\/","name":"Bibliograf\u00eda - Mem\u00f2ria Democr\u00e0tica de Benig\u00e0nim","isPartOf":{"@id":"https:\/\/memoriademocratica.beniganim.org\/es\/#website"},"datePublished":"2022-09-19T11:10:42+00:00","dateModified":"2022-09-19T11:26:14+00:00","breadcrumb":{"@id":"https:\/\/memoriademocratica.beniganim.org\/es\/bibliografia\/#breadcrumb"},"inLanguage":"es","potentialAction":[{"@type":"ReadAction","target":["https:\/\/memoriademocratica.beniganim.org\/es\/bibliografia\/"]}]},{"@type":"BreadcrumbList","@id":"https:\/\/memoriademocratica.beniganim.org\/es\/bibliografia\/#breadcrumb","itemListElement":[{"@type":"ListItem","position":1,"name":"Inici","item":"https:\/\/memoriademocratica.beniganim.org\/es\/"},{"@type":"ListItem","position":2,"name":"Bibliograf\u00eda"}]},{"@type":"WebSite","@id":"https:\/\/memoriademocratica.beniganim.org\/es\/#website","url":"https:\/\/memoriademocratica.beniganim.org\/es\/","name":"Mem\u00f2ria Democr\u00e0tica de Benig\u00e0nim","description":"Arxiu de la paraula i la imatge","publisher":{"@id":"https:\/\/memoriademocratica.beniganim.org\/es\/#organization"},"potentialAction":[{"@type":"SearchAction","target":{"@type":"EntryPoint","urlTemplate":"https:\/\/memoriademocratica.beniganim.org\/es\/?s={search_term_string}"},"query-input":"required name=search_term_string"}],"inLanguage":"es"},{"@type":"Organization","@id":"https:\/\/memoriademocratica.beniganim.org\/es\/#organization","name":"Mem\u00f2ria democr\u00e0tica de Benig\u00e0nim","url":"https:\/\/memoriademocratica.beniganim.org\/es\/","logo":{"@type":"ImageObject","inLanguage":"es","@id":"https:\/\/memoriademocratica.beniganim.org\/es\/#\/schema\/logo\/image\/","url":"https:\/\/memoriademocratica.beniganim.org\/wp-content\/uploads\/2023\/02\/logo_memoria_democratica_beniganim.png","contentUrl":"https:\/\/memoriademocratica.beniganim.org\/wp-content\/uploads\/2023\/02\/logo_memoria_democratica_beniganim.png","width":700,"height":120,"caption":"Mem\u00f2ria democr\u00e0tica de Benig\u00e0nim"},"image":{"@id":"https:\/\/memoriademocratica.beniganim.org\/es\/#\/schema\/logo\/image\/"}}]}},"_links":{"self":[{"href":"https:\/\/memoriademocratica.beniganim.org\/es\/wp-json\/wp\/v2\/pages\/3933","targetHints":{"allow":["GET"]}}],"collection":[{"href":"https:\/\/memoriademocratica.beniganim.org\/es\/wp-json\/wp\/v2\/pages"}],"about":[{"href":"https:\/\/memoriademocratica.beniganim.org\/es\/wp-json\/wp\/v2\/types\/page"}],"author":[{"embeddable":true,"href":"https:\/\/memoriademocratica.beniganim.org\/es\/wp-json\/wp\/v2\/users\/1"}],"replies":[{"embeddable":true,"href":"https:\/\/memoriademocratica.beniganim.org\/es\/wp-json\/wp\/v2\/comments?post=3933"}],"version-history":[{"count":4,"href":"https:\/\/memoriademocratica.beniganim.org\/es\/wp-json\/wp\/v2\/pages\/3933\/revisions"}],"predecessor-version":[{"id":3939,"href":"https:\/\/memoriademocratica.beniganim.org\/es\/wp-json\/wp\/v2\/pages\/3933\/revisions\/3939"}],"wp:attachment":[{"href":"https:\/\/memoriademocratica.beniganim.org\/es\/wp-json\/wp\/v2\/media?parent=3933"}],"curies":[{"name":"wp","href":"https:\/\/api.w.org\/{rel}","templated":true}]}}